{"id":1480,"date":"2024-11-25T22:42:52","date_gmt":"2024-11-25T21:42:52","guid":{"rendered":"https:\/\/new.grandtravel.sk\/pre-firmy\/"},"modified":"2025-01-31T11:46:47","modified_gmt":"2025-01-31T10:46:47","slug":"for-companies","status":"publish","type":"page","link":"https:\/\/grandtravel.sk\/en\/for-companies\/","title":{"rendered":"For companies"},"content":{"rendered":"\t\t<div data-elementor-type=\"wp-page\" data-elementor-id=\"1480\" class=\"elementor elementor-1480 elementor-493\" data-elementor-post-type=\"page\">\n\t\t\t\t<div class=\"elementor-element elementor-element-18e092c7 e-grid e-con-full e-con e-parent\" data-id=\"18e092c7\" data-element_type=\"container\" data-settings=\"{&quot;background_background&quot;:&quot;classic&quot;}\">\n\t\t<div class=\"elementor-element elementor-element-7ac5720b e-con-full e-flex e-con e-child\" data-id=\"7ac5720b\" data-element_type=\"container\">\n\t\t\t\t<div class=\"elementor-element elementor-element-21ad5353 elementor-widget elementor-widget-heading\" data-id=\"21ad5353\" data-element_type=\"widget\" data-widget_type=\"heading.default\">\n\t\t\t\t\t<p class=\"elementor-heading-title elementor-size-default\">For companies<\/p>\t\t\t\t<\/div>\n\t\t\t\t<div class=\"elementor-element elementor-element-227ef3b7 elementor-widget elementor-widget-heading\" data-id=\"227ef3b7\" data-element_type=\"widget\" data-widget_type=\"heading.default\">\n\t\t\t\t\t<h1 class=\"elementor-heading-title elementor-size-default\">Experience teambuilding<\/h1>\t\t\t\t<\/div>\n\t\t\t\t<div class=\"elementor-element elementor-element-419b8e3e elementor-widget elementor-widget-text-editor\" data-id=\"419b8e3e\" data-element_type=\"widget\" data-widget_type=\"text-editor.default\">\n\t\t\t\t\t\t\t\t\t<p>Book with us experience teambuilding at Chata Pieniny and give your employees a well-deserved rest.<\/p>\t\t\t\t\t\t\t\t<\/div>\n\t\t\t\t<\/div>\n\t\t<div class=\"elementor-element elementor-element-2beda4f9 e-con-full e-flex e-con e-child\" data-id=\"2beda4f9\" data-element_type=\"container\" data-settings=\"{&quot;background_background&quot;:&quot;video&quot;,&quot;background_play_on_mobile&quot;:&quot;yes&quot;,&quot;background_video_link&quot;:&quot;https:\\\/\\\/youtu.be\\\/grccpR-kihI&quot;,&quot;background_privacy_mode&quot;:&quot;yes&quot;}\">\n\t\t<div class=\"elementor-background-video-container\">\n\t\t\t\t\t\t\t<div class=\"elementor-background-video-embed\"><\/div>\n\t\t\t\t\t\t<\/div>\t\t<\/div>\n\t\t\t\t<\/div>\n\t\t<div class=\"elementor-element elementor-element-42234ede e-grid e-con-full e-con e-parent\" data-id=\"42234ede\" data-element_type=\"container\" data-settings=\"{&quot;background_background&quot;:&quot;classic&quot;}\">\n\t\t<div class=\"elementor-element elementor-element-6313b26f e-con-full e-flex e-con e-child\" data-id=\"6313b26f\" data-element_type=\"container\" data-settings=\"{&quot;background_background&quot;:&quot;classic&quot;}\">\n\t\t\t\t<\/div>\n\t\t<div class=\"elementor-element elementor-element-43551ff3 e-con-full e-flex e-con e-child\" data-id=\"43551ff3\" data-element_type=\"container\" data-settings=\"{&quot;background_background&quot;:&quot;classic&quot;}\">\n\t\t\t\t<div class=\"elementor-element elementor-element-32f06d61 elementor-widget elementor-widget-heading\" data-id=\"32f06d61\" data-element_type=\"widget\" data-widget_type=\"heading.default\">\n\t\t\t\t\t<h2 class=\"elementor-heading-title elementor-size-default\">Activities<\/h2>\t\t\t\t<\/div>\n\t\t\t\t<div class=\"elementor-element elementor-element-75f4e622 elementor-widget elementor-widget-text-editor\" data-id=\"75f4e622\" data-element_type=\"widget\" data-widget_type=\"text-editor.default\">\n\t\t\t\t\t\t\t\t\tYou can strengthen your team spirit during rafting on the Dunajec River, on sports fields, in the forest, but also in the conference rooms of the Pieniny Chata Pension. You will experience an unforgettable atmosphere during a real roast with a characteristic Goral live music and a unique act of Passing as a Goral.\t\t\t\t\t\t\t\t<\/div>\n\t\t\t\t<\/div>\n\t\t\t\t<\/div>\n\t\t<div class=\"elementor-element elementor-element-8c8c4ad e-grid e-con-full e-con e-parent\" data-id=\"8c8c4ad\" data-element_type=\"container\" data-settings=\"{&quot;background_background&quot;:&quot;classic&quot;}\">\n\t\t<div class=\"elementor-element elementor-element-b05668d e-con-full e-flex e-con e-child\" data-id=\"b05668d\" data-element_type=\"container\" data-settings=\"{&quot;background_background&quot;:&quot;gradient&quot;}\">\n\t\t\t\t<div class=\"elementor-element elementor-element-4c8e20a7 elementor-widget elementor-widget-heading\" data-id=\"4c8e20a7\" data-element_type=\"widget\" data-widget_type=\"heading.default\">\n\t\t\t\t\t<h2 class=\"elementor-heading-title elementor-size-default\">Why experiential teambuilding at Chata Pieniny?<\/h2>\t\t\t\t<\/div>\n\t\t\t\t<div class=\"elementor-element elementor-element-d9efe59 elementor-widget elementor-widget-text-editor\" data-id=\"d9efe59\" data-element_type=\"widget\" data-widget_type=\"text-editor.default\">\n\t\t\t\t\t\t\t\t\t<ul><li>Congress facilities with complete technical equipment<\/li><li>Experienced organizing team<\/li><li>Quiet environment<\/li><li>Professional approach<\/li><li>A rich selection of activities and services<\/li><\/ul>\t\t\t\t\t\t\t\t<\/div>\n\t\t\t\t<\/div>\n\t\t<div class=\"elementor-element elementor-element-6c86f59e e-con-full e-flex e-con e-child\" data-id=\"6c86f59e\" data-element_type=\"container\" data-settings=\"{&quot;background_background&quot;:&quot;classic&quot;}\">\n\t\t\t\t<\/div>\n\t\t\t\t<\/div>\n\t\t<div class=\"elementor-element elementor-element-29d5444 e-con-full e-flex e-con e-parent\" data-id=\"29d5444\" data-element_type=\"container\" data-settings=\"{&quot;background_background&quot;:&quot;classic&quot;}\">\n\t\t<div class=\"elementor-element elementor-element-46de8925 e-flex e-con-boxed e-con e-child\" data-id=\"46de8925\" data-element_type=\"container\">\n\t\t\t\t\t<div class=\"e-con-inner\">\n\t\t\t\t<div class=\"elementor-element elementor-element-495d7467 elementor-widget elementor-widget-heading\" data-id=\"495d7467\" data-element_type=\"widget\" data-widget_type=\"heading.default\">\n\t\t\t\t\t<h2 class=\"elementor-heading-title elementor-size-default\">Are you interested in our offer?<\/h2>\t\t\t\t<\/div>\n\t\t\t\t<div class=\"elementor-element elementor-element-3e91701e elementor-widget elementor-widget-text-editor\" data-id=\"3e91701e\" data-element_type=\"widget\" data-widget_type=\"text-editor.default\">\n\t\t\t\t\t\t\t\t\t<p class=\"p1\">Let\u2019s stay in touch.<\/p>\t\t\t\t\t\t\t\t<\/div>\n\t\t\t\t<div class=\"elementor-element elementor-element-57f67483 elementor-widget elementor-widget-heading\" data-id=\"57f67483\" data-element_type=\"widget\" data-widget_type=\"heading.default\">\n\t\t\t\t\t<p class=\"elementor-heading-title elementor-size-default\">Phone<\/p>\t\t\t\t<\/div>\n\t\t\t\t<div class=\"elementor-element elementor-element-2eac2714 elementor-widget elementor-widget-heading\" data-id=\"2eac2714\" data-element_type=\"widget\" data-widget_type=\"heading.default\">\n\t\t\t\t\t<h6 class=\"elementor-heading-title elementor-size-default\"><a href=\"tel:+421910932363\">+421 910 932 363<\/a><\/h6>\t\t\t\t<\/div>\n\t\t\t\t<div class=\"elementor-element elementor-element-772baa7f elementor-widget elementor-widget-heading\" data-id=\"772baa7f\" data-element_type=\"widget\" data-widget_type=\"heading.default\">\n\t\t\t\t\t<p class=\"elementor-heading-title elementor-size-default\">E-mail<\/p>\t\t\t\t<\/div>\n\t\t\t\t<div class=\"elementor-element elementor-element-12f7d482 elementor-widget elementor-widget-heading\" data-id=\"12f7d482\" data-element_type=\"widget\" data-widget_type=\"heading.default\">\n\t\t\t\t\t<h6 class=\"elementor-heading-title elementor-size-default\"><a href=\"mailto:info@grandtravel.sk\">info@grandtravel.sk<\/a><\/h6>\t\t\t\t<\/div>\n\t\t\t\t<div class=\"elementor-element elementor-element-429a8753 elementor-widget elementor-widget-heading\" data-id=\"429a8753\" data-element_type=\"widget\" data-widget_type=\"heading.default\">\n\t\t\t\t\t<p class=\"elementor-heading-title elementor-size-default\">Address<\/p>\t\t\t\t<\/div>\n\t\t\t\t<div class=\"elementor-element elementor-element-589d8e44 elementor-widget elementor-widget-text-editor\" data-id=\"589d8e44\" data-element_type=\"widget\" data-widget_type=\"text-editor.default\">\n\t\t\t\t\t\t\t\t\t<p>Okru\u017en\u00e1 82<\/p><p>064 01 Star\u00e1 \u013dubov\u0148a<\/p>\t\t\t\t\t\t\t\t<\/div>\n\t\t\t\t\t<\/div>\n\t\t\t\t<\/div>\n\t\t<div class=\"elementor-element elementor-element-26e1fb31 e-con-full e-flex e-con e-child\" data-id=\"26e1fb31\" data-element_type=\"container\">\n\t\t\t\t<div class=\"elementor-element elementor-element-c53ac42 elementor-button-align-start elementor-widget elementor-widget-form\" data-id=\"c53ac42\" data-element_type=\"widget\" data-settings=\"{&quot;step_next_label&quot;:&quot;\\u010eal\\u0161ie&quot;,&quot;step_previous_label&quot;:&quot;Predo\\u0161l\\u00e9&quot;,&quot;button_width&quot;:&quot;100&quot;,&quot;step_type&quot;:&quot;number_text&quot;,&quot;step_icon_shape&quot;:&quot;circle&quot;}\" data-widget_type=\"form.default\">\n\t\t\t\t\t\t\t<form class=\"elementor-form\" method=\"post\" name=\"New Form\">\n\t\t\t<input type=\"hidden\" name=\"post_id\" value=\"1480\"\/>\n\t\t\t<input type=\"hidden\" name=\"form_id\" value=\"c53ac42\"\/>\n\t\t\t<input type=\"hidden\" name=\"referer_title\" value=\"For companies | Experience teambuilding | Grand Travel\" \/>\n\n\t\t\t\t\t\t\t<input type=\"hidden\" name=\"queried_id\" value=\"1480\"\/>\n\t\t\t\n\t\t\t<div class=\"elementor-form-fields-wrapper elementor-labels-above\">\n\t\t\t\t\t\t\t\t<div class=\"elementor-field-type-text elementor-field-group elementor-column elementor-field-group-name elementor-col-100\">\n\t\t\t\t\t\t\t\t\t\t\t\t<label for=\"form-field-name\" class=\"elementor-field-label\">\n\t\t\t\t\t\t\t\tName\t\t\t\t\t\t\t<\/label>\n\t\t\t\t\t\t\t\t\t\t\t\t\t\t<input size=\"1\" type=\"text\" name=\"form_fields[name]\" id=\"form-field-name\" class=\"elementor-field elementor-size-sm  elementor-field-textual\">\n\t\t\t\t\t\t\t\t\t\t\t<\/div>\n\t\t\t\t\t\t\t\t<div class=\"elementor-field-type-email elementor-field-group elementor-column elementor-field-group-email elementor-col-50 elementor-field-required\">\n\t\t\t\t\t\t\t\t\t\t\t\t<label for=\"form-field-email\" class=\"elementor-field-label\">\n\t\t\t\t\t\t\t\tE-mail\t\t\t\t\t\t\t<\/label>\n\t\t\t\t\t\t\t\t\t\t\t\t\t\t<input size=\"1\" type=\"email\" name=\"form_fields[email]\" id=\"form-field-email\" class=\"elementor-field elementor-size-sm  elementor-field-textual\" required=\"required\">\n\t\t\t\t\t\t\t\t\t\t\t<\/div>\n\t\t\t\t\t\t\t\t<div class=\"elementor-field-type-text elementor-field-group elementor-column elementor-field-group-field_6dace15 elementor-col-50\">\n\t\t\t\t\t\t\t\t\t\t\t\t<label for=\"form-field-field_6dace15\" class=\"elementor-field-label\">\n\t\t\t\t\t\t\t\tPhone\t\t\t\t\t\t\t<\/label>\n\t\t\t\t\t\t\t\t\t\t\t\t\t\t<input size=\"1\" type=\"text\" name=\"form_fields[field_6dace15]\" id=\"form-field-field_6dace15\" class=\"elementor-field elementor-size-sm  elementor-field-textual\">\n\t\t\t\t\t\t\t\t\t\t\t<\/div>\n\t\t\t\t\t\t\t\t<div class=\"elementor-field-type-textarea elementor-field-group elementor-column elementor-field-group-message elementor-col-100\">\n\t\t\t\t\t\t\t\t\t\t\t\t<label for=\"form-field-message\" class=\"elementor-field-label\">\n\t\t\t\t\t\t\t\tMessage\t\t\t\t\t\t\t<\/label>\n\t\t\t\t\t\t<textarea class=\"elementor-field-textual elementor-field  elementor-size-sm\" name=\"form_fields[message]\" id=\"form-field-message\" rows=\"5\"><\/textarea>\t\t\t\t<\/div>\n\t\t\t\t\t\t\t\t<div class=\"elementor-field-type-acceptance elementor-field-group elementor-column elementor-field-group-field_3f940b0 elementor-col-100 elementor-field-required\">\n\t\t\t\t\t\t\t<div class=\"elementor-field-subgroup\">\n\t\t\t<span class=\"elementor-field-option\">\n\t\t\t\t<input type=\"checkbox\" name=\"form_fields[field_3f940b0]\" id=\"form-field-field_3f940b0\" class=\"elementor-field elementor-size-sm  elementor-acceptance-field\" required=\"required\">\n\t\t\t\t<label for=\"form-field-field_3f940b0\">I agree to the processing of personal data<\/label>\t\t\t<\/span>\n\t\t<\/div>\n\t\t\t\t\t\t<\/div>\n\t\t\t\t\t\t\t\t<div class=\"elementor-field-type-recaptcha_v3 elementor-field-group elementor-column elementor-field-group-field_48371d6 elementor-col-100 recaptcha_v3-inline\">\n\t\t\t\t\t<div class=\"elementor-field\" id=\"form-field-field_48371d6\"><div class=\"elementor-g-recaptcha\" data-sitekey=\"6LfsQMIqAAAAAGwSA0h793ZWGsClKjJj_cfsXH5I\" data-type=\"v3\" data-action=\"Form\" data-badge=\"inline\" data-size=\"invisible\"><\/div><\/div>\t\t\t\t<\/div>\n\t\t\t\t\t\t\t\t<div class=\"elementor-field-group elementor-column elementor-field-type-submit elementor-col-100 e-form__buttons\">\n\t\t\t\t\t<button class=\"elementor-button elementor-size-sm\" type=\"submit\">\n\t\t\t\t\t\t<span class=\"elementor-button-content-wrapper\">\n\t\t\t\t\t\t\t\t\t\t\t\t\t\t\t\t\t\t\t\t\t\t<span class=\"elementor-button-text\">Send message<\/span>\n\t\t\t\t\t\t\t\t\t\t\t\t\t<\/span>\n\t\t\t\t\t<\/button>\n\t\t\t\t<\/div>\n\t\t\t<\/div>\n\t\t<\/form>\n\t\t\t\t\t\t<\/div>\n\t\t\t\t<\/div>\n\t\t\t\t<\/div>\n\t\t\t\t<\/div>\n\t\t","protected":false},"excerpt":{"rendered":"<p>For companies Experience teambuilding Book with us experience teambuilding at Chata Pieniny and give your employees a well-deserved rest. Activities You can strengthen your team spirit during rafting on the Dunajec River, on sports fields, in the forest, but also in the conference rooms of the Pieniny Chata Pension. You will experience an unforgettable atmosphere [&hellip;]<\/p>\n","protected":false},"author":1,"featured_media":1481,"parent":0,"menu_order":0,"comment_status":"closed","ping_status":"closed","template":"","meta":{"footnotes":""},"class_list":["post-1480","page","type-page","status-publish","has-post-thumbnail","hentry"],"yoast_head":"<!-- This site is optimized with the Yoast SEO plugin v24.3 - https:\/\/yoast.com\/wordpress\/plugins\/seo\/ -->\n<title>For companies | Experience teambuilding | Grand Travel<\/title>\n<meta name=\"description\" content=\"Book with us experience teambuilding at Chata Pieniny and give your employees a well-deserved rest.\" \/>\n<meta name=\"robots\" content=\"index, follow, max-snippet:-1, max-image-preview:large, max-video-preview:-1\" \/>\n<link rel=\"canonical\" href=\"https:\/\/grandtravel.sk\/en\/for-companies\/\" \/>\n<meta property=\"og:locale\" content=\"en_US\" \/>\n<meta property=\"og:type\" content=\"article\" \/>\n<meta property=\"og:title\" content=\"For companies | Experience teambuilding | Grand Travel\" \/>\n<meta property=\"og:description\" content=\"Book with us experience teambuilding at Chata Pieniny and give your employees a well-deserved rest.\" \/>\n<meta property=\"og:url\" content=\"https:\/\/grandtravel.sk\/en\/for-companies\/\" \/>\n<meta property=\"og:site_name\" content=\"Grandtravel\" \/>\n<meta property=\"article:modified_time\" content=\"2025-01-31T10:46:47+00:00\" \/>\n<meta property=\"og:image\" content=\"https:\/\/grandtravel.sk\/wp-content\/uploads\/2025\/01\/pre-firmy-scaled.jpg\" \/>\n\t<meta property=\"og:image:width\" content=\"2560\" \/>\n\t<meta property=\"og:image:height\" content=\"1519\" \/>\n\t<meta property=\"og:image:type\" content=\"image\/jpeg\" \/>\n<meta name=\"twitter:card\" content=\"summary_large_image\" \/>\n<script type=\"application\/ld+json\" class=\"yoast-schema-graph\">{\"@context\":\"https:\/\/schema.org\",\"@graph\":[{\"@type\":\"WebPage\",\"@id\":\"https:\/\/grandtravel.sk\/en\/for-companies\/\",\"url\":\"https:\/\/grandtravel.sk\/en\/for-companies\/\",\"name\":\"For companies | Experience teambuilding | Grand Travel\",\"isPartOf\":{\"@id\":\"https:\/\/grandtravel.sk\/en\/#website\"},\"primaryImageOfPage\":{\"@id\":\"https:\/\/grandtravel.sk\/en\/for-companies\/#primaryimage\"},\"image\":{\"@id\":\"https:\/\/grandtravel.sk\/en\/for-companies\/#primaryimage\"},\"thumbnailUrl\":\"https:\/\/grandtravel.sk\/wp-content\/uploads\/2025\/01\/pre-firmy-scaled.jpg\",\"datePublished\":\"2024-11-25T21:42:52+00:00\",\"dateModified\":\"2025-01-31T10:46:47+00:00\",\"description\":\"Book with us experience teambuilding at Chata Pieniny and give your employees a well-deserved rest.\",\"breadcrumb\":{\"@id\":\"https:\/\/grandtravel.sk\/en\/for-companies\/#breadcrumb\"},\"inLanguage\":\"en-US\",\"potentialAction\":[{\"@type\":\"ReadAction\",\"target\":[\"https:\/\/grandtravel.sk\/en\/for-companies\/\"]}]},{\"@type\":\"ImageObject\",\"inLanguage\":\"en-US\",\"@id\":\"https:\/\/grandtravel.sk\/en\/for-companies\/#primaryimage\",\"url\":\"https:\/\/grandtravel.sk\/wp-content\/uploads\/2025\/01\/pre-firmy-scaled.jpg\",\"contentUrl\":\"https:\/\/grandtravel.sk\/wp-content\/uploads\/2025\/01\/pre-firmy-scaled.jpg\",\"width\":2560,\"height\":1519},{\"@type\":\"BreadcrumbList\",\"@id\":\"https:\/\/grandtravel.sk\/en\/for-companies\/#breadcrumb\",\"itemListElement\":[{\"@type\":\"ListItem\",\"position\":1,\"name\":\"Domovsk\u00e1 str\u00e1nka\",\"item\":\"https:\/\/grandtravel.sk\/en\/\"},{\"@type\":\"ListItem\",\"position\":2,\"name\":\"For companies\"}]},{\"@type\":\"WebSite\",\"@id\":\"https:\/\/grandtravel.sk\/en\/#website\",\"url\":\"https:\/\/grandtravel.sk\/en\/\",\"name\":\"Grandtravel\",\"description\":\"Za\u017eite Pieniny\",\"potentialAction\":[{\"@type\":\"SearchAction\",\"target\":{\"@type\":\"EntryPoint\",\"urlTemplate\":\"https:\/\/grandtravel.sk\/en\/?s={search_term_string}\"},\"query-input\":{\"@type\":\"PropertyValueSpecification\",\"valueRequired\":true,\"valueName\":\"search_term_string\"}}],\"inLanguage\":\"en-US\"}]}<\/script>\n<!-- \/ Yoast SEO plugin. -->","yoast_head_json":{"title":"For companies | Experience teambuilding | Grand Travel","description":"Book with us experience teambuilding at Chata Pieniny and give your employees a well-deserved rest.","robots":{"index":"index","follow":"follow","max-snippet":"max-snippet:-1","max-image-preview":"max-image-preview:large","max-video-preview":"max-video-preview:-1"},"canonical":"https:\/\/grandtravel.sk\/en\/for-companies\/","og_locale":"en_US","og_type":"article","og_title":"For companies | Experience teambuilding | Grand Travel","og_description":"Book with us experience teambuilding at Chata Pieniny and give your employees a well-deserved rest.","og_url":"https:\/\/grandtravel.sk\/en\/for-companies\/","og_site_name":"Grandtravel","article_modified_time":"2025-01-31T10:46:47+00:00","og_image":[{"width":2560,"height":1519,"url":"https:\/\/grandtravel.sk\/wp-content\/uploads\/2025\/01\/pre-firmy-scaled.jpg","type":"image\/jpeg"}],"twitter_card":"summary_large_image","schema":{"@context":"https:\/\/schema.org","@graph":[{"@type":"WebPage","@id":"https:\/\/grandtravel.sk\/en\/for-companies\/","url":"https:\/\/grandtravel.sk\/en\/for-companies\/","name":"For companies | Experience teambuilding | Grand Travel","isPartOf":{"@id":"https:\/\/grandtravel.sk\/en\/#website"},"primaryImageOfPage":{"@id":"https:\/\/grandtravel.sk\/en\/for-companies\/#primaryimage"},"image":{"@id":"https:\/\/grandtravel.sk\/en\/for-companies\/#primaryimage"},"thumbnailUrl":"https:\/\/grandtravel.sk\/wp-content\/uploads\/2025\/01\/pre-firmy-scaled.jpg","datePublished":"2024-11-25T21:42:52+00:00","dateModified":"2025-01-31T10:46:47+00:00","description":"Book with us experience teambuilding at Chata Pieniny and give your employees a well-deserved rest.","breadcrumb":{"@id":"https:\/\/grandtravel.sk\/en\/for-companies\/#breadcrumb"},"inLanguage":"en-US","potentialAction":[{"@type":"ReadAction","target":["https:\/\/grandtravel.sk\/en\/for-companies\/"]}]},{"@type":"ImageObject","inLanguage":"en-US","@id":"https:\/\/grandtravel.sk\/en\/for-companies\/#primaryimage","url":"https:\/\/grandtravel.sk\/wp-content\/uploads\/2025\/01\/pre-firmy-scaled.jpg","contentUrl":"https:\/\/grandtravel.sk\/wp-content\/uploads\/2025\/01\/pre-firmy-scaled.jpg","width":2560,"height":1519},{"@type":"BreadcrumbList","@id":"https:\/\/grandtravel.sk\/en\/for-companies\/#breadcrumb","itemListElement":[{"@type":"ListItem","position":1,"name":"Domovsk\u00e1 str\u00e1nka","item":"https:\/\/grandtravel.sk\/en\/"},{"@type":"ListItem","position":2,"name":"For companies"}]},{"@type":"WebSite","@id":"https:\/\/grandtravel.sk\/en\/#website","url":"https:\/\/grandtravel.sk\/en\/","name":"Grandtravel","description":"Za\u017eite Pieniny","potentialAction":[{"@type":"SearchAction","target":{"@type":"EntryPoint","urlTemplate":"https:\/\/grandtravel.sk\/en\/?s={search_term_string}"},"query-input":{"@type":"PropertyValueSpecification","valueRequired":true,"valueName":"search_term_string"}}],"inLanguage":"en-US"}]}},"_links":{"self":[{"href":"https:\/\/grandtravel.sk\/en\/wp-json\/wp\/v2\/pages\/1480","targetHints":{"allow":["GET"]}}],"collection":[{"href":"https:\/\/grandtravel.sk\/en\/wp-json\/wp\/v2\/pages"}],"about":[{"href":"https:\/\/grandtravel.sk\/en\/wp-json\/wp\/v2\/types\/page"}],"author":[{"embeddable":true,"href":"https:\/\/grandtravel.sk\/en\/wp-json\/wp\/v2\/users\/1"}],"replies":[{"embeddable":true,"href":"https:\/\/grandtravel.sk\/en\/wp-json\/wp\/v2\/comments?post=1480"}],"version-history":[{"count":8,"href":"https:\/\/grandtravel.sk\/en\/wp-json\/wp\/v2\/pages\/1480\/revisions"}],"predecessor-version":[{"id":1672,"href":"https:\/\/grandtravel.sk\/en\/wp-json\/wp\/v2\/pages\/1480\/revisions\/1672"}],"wp:featuredmedia":[{"embeddable":true,"href":"https:\/\/grandtravel.sk\/en\/wp-json\/wp\/v2\/media\/1481"}],"wp:attachment":[{"href":"https:\/\/grandtravel.sk\/en\/wp-json\/wp\/v2\/media?parent=1480"}],"curies":[{"name":"wp","href":"https:\/\/api.w.org\/{rel}","templated":true}]}}