{"id":1411,"date":"2024-06-13T21:51:35","date_gmt":"2024-06-13T19:51:35","guid":{"rendered":"https:\/\/new.grandtravel.sk\/kontakt\/"},"modified":"2025-01-30T17:33:38","modified_gmt":"2025-01-30T16:33:38","slug":"kontakt","status":"publish","type":"page","link":"https:\/\/grandtravel.sk\/de\/kontakt\/","title":{"rendered":"Kontakt"},"content":{"rendered":"\t\t<div data-elementor-type=\"wp-page\" data-elementor-id=\"1411\" class=\"elementor elementor-1411 elementor-26\" data-elementor-post-type=\"page\">\n\t\t\t\t<div class=\"elementor-element elementor-element-180e2336 e-con-full e-flex e-con e-parent\" data-id=\"180e2336\" data-element_type=\"container\" data-settings=\"{&quot;background_background&quot;:&quot;classic&quot;}\">\n\t\t<div class=\"elementor-element elementor-element-2d5c741a e-flex e-con-boxed e-con e-child\" data-id=\"2d5c741a\" data-element_type=\"container\">\n\t\t\t\t\t<div class=\"e-con-inner\">\n\t\t\t\t<div class=\"elementor-element elementor-element-6199bca2 elementor-widget elementor-widget-heading\" data-id=\"6199bca2\" data-element_type=\"widget\" data-widget_type=\"heading.default\">\n\t\t\t\t\t<h1 class=\"elementor-heading-title elementor-size-default\">Kontakt<\/h1>\t\t\t\t<\/div>\n\t\t\t\t<div class=\"elementor-element elementor-element-66d76358 elementor-widget elementor-widget-heading\" data-id=\"66d76358\" data-element_type=\"widget\" data-widget_type=\"heading.default\">\n\t\t\t\t\t<h2 class=\"elementor-heading-title elementor-size-default\">Hat Sie unser Angebot angesprochen?<\/h2>\t\t\t\t<\/div>\n\t\t\t\t<div class=\"elementor-element elementor-element-3e2608bc elementor-widget elementor-widget-text-editor\" data-id=\"3e2608bc\" data-element_type=\"widget\" data-widget_type=\"text-editor.default\">\n\t\t\t\t\t\t\t\t\tZ\u00f6gern Sie nicht, uns zu kontaktieren.\t\t\t\t\t\t\t\t<\/div>\n\t\t\t\t<div class=\"elementor-element elementor-element-25e17813 elementor-widget elementor-widget-heading\" data-id=\"25e17813\" data-element_type=\"widget\" data-widget_type=\"heading.default\">\n\t\t\t\t\t<p class=\"elementor-heading-title elementor-size-default\">Mobile<\/p>\t\t\t\t<\/div>\n\t\t\t\t<div class=\"elementor-element elementor-element-379b9041 elementor-widget elementor-widget-heading\" data-id=\"379b9041\" data-element_type=\"widget\" data-widget_type=\"heading.default\">\n\t\t\t\t\t<h6 class=\"elementor-heading-title elementor-size-default\"><a href=\"tel:+421910932363\">+421 910 932 363<\/a><\/h6>\t\t\t\t<\/div>\n\t\t\t\t<div class=\"elementor-element elementor-element-32c92410 elementor-widget elementor-widget-heading\" data-id=\"32c92410\" data-element_type=\"widget\" data-widget_type=\"heading.default\">\n\t\t\t\t\t<p class=\"elementor-heading-title elementor-size-default\">E-mail<\/p>\t\t\t\t<\/div>\n\t\t\t\t<div class=\"elementor-element elementor-element-1c366c98 elementor-widget elementor-widget-heading\" data-id=\"1c366c98\" data-element_type=\"widget\" data-widget_type=\"heading.default\">\n\t\t\t\t\t<h6 class=\"elementor-heading-title elementor-size-default\"><a href=\"mailto:info@grandtravel.sk\">info@grandtravel.sk<\/a><\/h6>\t\t\t\t<\/div>\n\t\t\t\t<div class=\"elementor-element elementor-element-3848fb16 elementor-widget elementor-widget-heading\" data-id=\"3848fb16\" data-element_type=\"widget\" data-widget_type=\"heading.default\">\n\t\t\t\t\t<p class=\"elementor-heading-title elementor-size-default\">Adresse<\/p>\t\t\t\t<\/div>\n\t\t\t\t<div class=\"elementor-element elementor-element-17974d51 elementor-widget elementor-widget-text-editor\" data-id=\"17974d51\" data-element_type=\"widget\" data-widget_type=\"text-editor.default\">\n\t\t\t\t\t\t\t\t\t<p>Okru\u017en\u00e1 82<\/p><p>064 01 Star\u00e1 \u013dubov\u0148a<\/p>\t\t\t\t\t\t\t\t<\/div>\n\t\t\t\t\t<\/div>\n\t\t\t\t<\/div>\n\t\t<div class=\"elementor-element elementor-element-43851c24 e-con-full e-flex e-con e-child\" data-id=\"43851c24\" data-element_type=\"container\">\n\t\t\t\t<div class=\"elementor-element elementor-element-2b79f6ac elementor-button-align-start elementor-widget elementor-widget-form\" data-id=\"2b79f6ac\" data-element_type=\"widget\" data-settings=\"{&quot;step_next_label&quot;:&quot;\\u010eal\\u0161ie&quot;,&quot;step_previous_label&quot;:&quot;Predo\\u0161l\\u00e9&quot;,&quot;button_width&quot;:&quot;100&quot;,&quot;step_type&quot;:&quot;number_text&quot;,&quot;step_icon_shape&quot;:&quot;circle&quot;}\" data-widget_type=\"form.default\">\n\t\t\t\t\t\t\t<form class=\"elementor-form\" method=\"post\" name=\"New Form\">\n\t\t\t<input type=\"hidden\" name=\"post_id\" value=\"1411\"\/>\n\t\t\t<input type=\"hidden\" name=\"form_id\" value=\"2b79f6ac\"\/>\n\t\t\t<input type=\"hidden\" name=\"referer_title\" value=\"Kontakt | Grand Travel\" \/>\n\n\t\t\t\t\t\t\t<input type=\"hidden\" name=\"queried_id\" value=\"1411\"\/>\n\t\t\t\n\t\t\t<div class=\"elementor-form-fields-wrapper elementor-labels-above\">\n\t\t\t\t\t\t\t\t<div class=\"elementor-field-type-text elementor-field-group elementor-column elementor-field-group-name elementor-col-100\">\n\t\t\t\t\t\t\t\t\t\t\t\t<label for=\"form-field-name\" class=\"elementor-field-label\">\n\t\t\t\t\t\t\t\tName\t\t\t\t\t\t\t<\/label>\n\t\t\t\t\t\t\t\t\t\t\t\t\t\t<input size=\"1\" type=\"text\" name=\"form_fields[name]\" id=\"form-field-name\" class=\"elementor-field elementor-size-sm  elementor-field-textual\">\n\t\t\t\t\t\t\t\t\t\t\t<\/div>\n\t\t\t\t\t\t\t\t<div class=\"elementor-field-type-email elementor-field-group elementor-column elementor-field-group-email elementor-col-50 elementor-field-required\">\n\t\t\t\t\t\t\t\t\t\t\t\t<label for=\"form-field-email\" class=\"elementor-field-label\">\n\t\t\t\t\t\t\t\tEmail\t\t\t\t\t\t\t<\/label>\n\t\t\t\t\t\t\t\t\t\t\t\t\t\t<input size=\"1\" type=\"email\" name=\"form_fields[email]\" id=\"form-field-email\" class=\"elementor-field elementor-size-sm  elementor-field-textual\" required=\"required\">\n\t\t\t\t\t\t\t\t\t\t\t<\/div>\n\t\t\t\t\t\t\t\t<div class=\"elementor-field-type-text elementor-field-group elementor-column elementor-field-group-field_6dace15 elementor-col-50\">\n\t\t\t\t\t\t\t\t\t\t\t\t<label for=\"form-field-field_6dace15\" class=\"elementor-field-label\">\n\t\t\t\t\t\t\t\tMobile\t\t\t\t\t\t\t<\/label>\n\t\t\t\t\t\t\t\t\t\t\t\t\t\t<input size=\"1\" type=\"text\" name=\"form_fields[field_6dace15]\" id=\"form-field-field_6dace15\" class=\"elementor-field elementor-size-sm  elementor-field-textual\">\n\t\t\t\t\t\t\t\t\t\t\t<\/div>\n\t\t\t\t\t\t\t\t<div class=\"elementor-field-type-textarea elementor-field-group elementor-column elementor-field-group-message elementor-col-100\">\n\t\t\t\t\t\t\t\t\t\t\t\t<label for=\"form-field-message\" class=\"elementor-field-label\">\n\t\t\t\t\t\t\t\tNachricht\t\t\t\t\t\t\t<\/label>\n\t\t\t\t\t\t<textarea class=\"elementor-field-textual elementor-field  elementor-size-sm\" name=\"form_fields[message]\" id=\"form-field-message\" rows=\"5\"><\/textarea>\t\t\t\t<\/div>\n\t\t\t\t\t\t\t\t<div class=\"elementor-field-type-acceptance elementor-field-group elementor-column elementor-field-group-field_3f940b0 elementor-col-100 elementor-field-required\">\n\t\t\t\t\t\t\t<div class=\"elementor-field-subgroup\">\n\t\t\t<span class=\"elementor-field-option\">\n\t\t\t\t<input type=\"checkbox\" name=\"form_fields[field_3f940b0]\" id=\"form-field-field_3f940b0\" class=\"elementor-field elementor-size-sm  elementor-acceptance-field\" required=\"required\">\n\t\t\t\t<label for=\"form-field-field_3f940b0\">Ich stimme der Verarbeitung personenbezogener Daten zu<\/label>\t\t\t<\/span>\n\t\t<\/div>\n\t\t\t\t\t\t<\/div>\n\t\t\t\t\t\t\t\t<div class=\"elementor-field-type-recaptcha_v3 elementor-field-group elementor-column elementor-field-group-field_48371d6 elementor-col-100 recaptcha_v3-inline\">\n\t\t\t\t\t<div class=\"elementor-field\" id=\"form-field-field_48371d6\"><div class=\"elementor-g-recaptcha\" data-sitekey=\"6LfsQMIqAAAAAGwSA0h793ZWGsClKjJj_cfsXH5I\" data-type=\"v3\" data-action=\"Form\" data-badge=\"inline\" data-size=\"invisible\"><\/div><\/div>\t\t\t\t<\/div>\n\t\t\t\t\t\t\t\t<div class=\"elementor-field-group elementor-column elementor-field-type-submit elementor-col-100 e-form__buttons\">\n\t\t\t\t\t<button class=\"elementor-button elementor-size-sm\" type=\"submit\">\n\t\t\t\t\t\t<span class=\"elementor-button-content-wrapper\">\n\t\t\t\t\t\t\t\t\t\t\t\t\t\t\t\t\t\t\t\t\t\t<span class=\"elementor-button-text\">Senden<\/span>\n\t\t\t\t\t\t\t\t\t\t\t\t\t<\/span>\n\t\t\t\t\t<\/button>\n\t\t\t\t<\/div>\n\t\t\t<\/div>\n\t\t<\/form>\n\t\t\t\t\t\t<\/div>\n\t\t\t\t<\/div>\n\t\t\t\t<\/div>\n\t\t\t\t<\/div>\n\t\t","protected":false},"excerpt":{"rendered":"<p>Kontakt Hat Sie unser Angebot angesprochen? Z\u00f6gern Sie nicht, uns zu kontaktieren. Mobile +421 910 932 363 E-mail info@grandtravel.sk Adresse Okru\u017en\u00e1 82 064 01 Star\u00e1 \u013dubov\u0148a<\/p>\n","protected":false},"author":1,"featured_media":1210,"parent":0,"menu_order":0,"comment_status":"closed","ping_status":"closed","template":"","meta":{"footnotes":""},"class_list":["post-1411","page","type-page","status-publish","has-post-thumbnail","hentry"],"yoast_head":"<!-- This site is optimized with the Yoast SEO plugin v24.3 - https:\/\/yoast.com\/wordpress\/plugins\/seo\/ -->\n<title>Kontakt | Grand Travel<\/title>\n<meta name=\"description\" content=\"Falls Sie Fragen haben, z\u00f6gern Sie nicht, uns telefonisch unter +421 910 932 363 oder per E-Mail unter info@grandtravel.sk zu kontaktieren.\" \/>\n<meta name=\"robots\" content=\"index, follow, max-snippet:-1, max-image-preview:large, max-video-preview:-1\" \/>\n<link rel=\"canonical\" href=\"https:\/\/grandtravel.sk\/de\/kontakt\/\" \/>\n<meta property=\"og:locale\" content=\"de_DE\" \/>\n<meta property=\"og:type\" content=\"article\" \/>\n<meta property=\"og:title\" content=\"Kontakt | Grand Travel\" \/>\n<meta property=\"og:description\" content=\"Falls Sie Fragen haben, z\u00f6gern Sie nicht, uns telefonisch unter +421 910 932 363 oder per E-Mail unter info@grandtravel.sk zu kontaktieren.\" \/>\n<meta property=\"og:url\" content=\"https:\/\/grandtravel.sk\/de\/kontakt\/\" \/>\n<meta property=\"og:site_name\" content=\"Grandtravel\" \/>\n<meta property=\"article:modified_time\" content=\"2025-01-30T16:33:38+00:00\" \/>\n<meta property=\"og:image\" content=\"https:\/\/grandtravel.sk\/wp-content\/uploads\/2025\/01\/zazite-pieniny-title-1.jpeg\" \/>\n\t<meta property=\"og:image:width\" content=\"2400\" \/>\n\t<meta property=\"og:image:height\" content=\"1600\" \/>\n\t<meta property=\"og:image:type\" content=\"image\/jpeg\" \/>\n<meta name=\"twitter:card\" content=\"summary_large_image\" \/>\n<script type=\"application\/ld+json\" class=\"yoast-schema-graph\">{\"@context\":\"https:\/\/schema.org\",\"@graph\":[{\"@type\":\"WebPage\",\"@id\":\"https:\/\/grandtravel.sk\/de\/kontakt\/\",\"url\":\"https:\/\/grandtravel.sk\/de\/kontakt\/\",\"name\":\"Kontakt | Grand Travel\",\"isPartOf\":{\"@id\":\"https:\/\/grandtravel.sk\/de\/#website\"},\"primaryImageOfPage\":{\"@id\":\"https:\/\/grandtravel.sk\/de\/kontakt\/#primaryimage\"},\"image\":{\"@id\":\"https:\/\/grandtravel.sk\/de\/kontakt\/#primaryimage\"},\"thumbnailUrl\":\"https:\/\/grandtravel.sk\/wp-content\/uploads\/2025\/01\/zazite-pieniny-title-1.jpeg\",\"datePublished\":\"2024-06-13T19:51:35+00:00\",\"dateModified\":\"2025-01-30T16:33:38+00:00\",\"description\":\"Falls Sie Fragen haben, z\u00f6gern Sie nicht, uns telefonisch unter +421 910 932 363 oder per E-Mail unter info@grandtravel.sk zu kontaktieren.\",\"breadcrumb\":{\"@id\":\"https:\/\/grandtravel.sk\/de\/kontakt\/#breadcrumb\"},\"inLanguage\":\"de\",\"potentialAction\":[{\"@type\":\"ReadAction\",\"target\":[\"https:\/\/grandtravel.sk\/de\/kontakt\/\"]}]},{\"@type\":\"ImageObject\",\"inLanguage\":\"de\",\"@id\":\"https:\/\/grandtravel.sk\/de\/kontakt\/#primaryimage\",\"url\":\"https:\/\/grandtravel.sk\/wp-content\/uploads\/2025\/01\/zazite-pieniny-title-1.jpeg\",\"contentUrl\":\"https:\/\/grandtravel.sk\/wp-content\/uploads\/2025\/01\/zazite-pieniny-title-1.jpeg\",\"width\":2400,\"height\":1600},{\"@type\":\"BreadcrumbList\",\"@id\":\"https:\/\/grandtravel.sk\/de\/kontakt\/#breadcrumb\",\"itemListElement\":[{\"@type\":\"ListItem\",\"position\":1,\"name\":\"Domovsk\u00e1 str\u00e1nka\",\"item\":\"https:\/\/grandtravel.sk\/de\/\"},{\"@type\":\"ListItem\",\"position\":2,\"name\":\"Kontakt\"}]},{\"@type\":\"WebSite\",\"@id\":\"https:\/\/grandtravel.sk\/de\/#website\",\"url\":\"https:\/\/grandtravel.sk\/de\/\",\"name\":\"Grandtravel\",\"description\":\"Za\u017eite Pieniny\",\"potentialAction\":[{\"@type\":\"SearchAction\",\"target\":{\"@type\":\"EntryPoint\",\"urlTemplate\":\"https:\/\/grandtravel.sk\/de\/?s={search_term_string}\"},\"query-input\":{\"@type\":\"PropertyValueSpecification\",\"valueRequired\":true,\"valueName\":\"search_term_string\"}}],\"inLanguage\":\"de\"}]}<\/script>\n<!-- \/ Yoast SEO plugin. -->","yoast_head_json":{"title":"Kontakt | Grand Travel","description":"Falls Sie Fragen haben, z\u00f6gern Sie nicht, uns telefonisch unter +421 910 932 363 oder per E-Mail unter info@grandtravel.sk zu kontaktieren.","robots":{"index":"index","follow":"follow","max-snippet":"max-snippet:-1","max-image-preview":"max-image-preview:large","max-video-preview":"max-video-preview:-1"},"canonical":"https:\/\/grandtravel.sk\/de\/kontakt\/","og_locale":"de_DE","og_type":"article","og_title":"Kontakt | Grand Travel","og_description":"Falls Sie Fragen haben, z\u00f6gern Sie nicht, uns telefonisch unter +421 910 932 363 oder per E-Mail unter info@grandtravel.sk zu kontaktieren.","og_url":"https:\/\/grandtravel.sk\/de\/kontakt\/","og_site_name":"Grandtravel","article_modified_time":"2025-01-30T16:33:38+00:00","og_image":[{"width":2400,"height":1600,"url":"https:\/\/grandtravel.sk\/wp-content\/uploads\/2025\/01\/zazite-pieniny-title-1.jpeg","type":"image\/jpeg"}],"twitter_card":"summary_large_image","schema":{"@context":"https:\/\/schema.org","@graph":[{"@type":"WebPage","@id":"https:\/\/grandtravel.sk\/de\/kontakt\/","url":"https:\/\/grandtravel.sk\/de\/kontakt\/","name":"Kontakt | Grand Travel","isPartOf":{"@id":"https:\/\/grandtravel.sk\/de\/#website"},"primaryImageOfPage":{"@id":"https:\/\/grandtravel.sk\/de\/kontakt\/#primaryimage"},"image":{"@id":"https:\/\/grandtravel.sk\/de\/kontakt\/#primaryimage"},"thumbnailUrl":"https:\/\/grandtravel.sk\/wp-content\/uploads\/2025\/01\/zazite-pieniny-title-1.jpeg","datePublished":"2024-06-13T19:51:35+00:00","dateModified":"2025-01-30T16:33:38+00:00","description":"Falls Sie Fragen haben, z\u00f6gern Sie nicht, uns telefonisch unter +421 910 932 363 oder per E-Mail unter info@grandtravel.sk zu kontaktieren.","breadcrumb":{"@id":"https:\/\/grandtravel.sk\/de\/kontakt\/#breadcrumb"},"inLanguage":"de","potentialAction":[{"@type":"ReadAction","target":["https:\/\/grandtravel.sk\/de\/kontakt\/"]}]},{"@type":"ImageObject","inLanguage":"de","@id":"https:\/\/grandtravel.sk\/de\/kontakt\/#primaryimage","url":"https:\/\/grandtravel.sk\/wp-content\/uploads\/2025\/01\/zazite-pieniny-title-1.jpeg","contentUrl":"https:\/\/grandtravel.sk\/wp-content\/uploads\/2025\/01\/zazite-pieniny-title-1.jpeg","width":2400,"height":1600},{"@type":"BreadcrumbList","@id":"https:\/\/grandtravel.sk\/de\/kontakt\/#breadcrumb","itemListElement":[{"@type":"ListItem","position":1,"name":"Domovsk\u00e1 str\u00e1nka","item":"https:\/\/grandtravel.sk\/de\/"},{"@type":"ListItem","position":2,"name":"Kontakt"}]},{"@type":"WebSite","@id":"https:\/\/grandtravel.sk\/de\/#website","url":"https:\/\/grandtravel.sk\/de\/","name":"Grandtravel","description":"Za\u017eite Pieniny","potentialAction":[{"@type":"SearchAction","target":{"@type":"EntryPoint","urlTemplate":"https:\/\/grandtravel.sk\/de\/?s={search_term_string}"},"query-input":{"@type":"PropertyValueSpecification","valueRequired":true,"valueName":"search_term_string"}}],"inLanguage":"de"}]}},"_links":{"self":[{"href":"https:\/\/grandtravel.sk\/de\/wp-json\/wp\/v2\/pages\/1411","targetHints":{"allow":["GET"]}}],"collection":[{"href":"https:\/\/grandtravel.sk\/de\/wp-json\/wp\/v2\/pages"}],"about":[{"href":"https:\/\/grandtravel.sk\/de\/wp-json\/wp\/v2\/types\/page"}],"author":[{"embeddable":true,"href":"https:\/\/grandtravel.sk\/de\/wp-json\/wp\/v2\/users\/1"}],"replies":[{"embeddable":true,"href":"https:\/\/grandtravel.sk\/de\/wp-json\/wp\/v2\/comments?post=1411"}],"version-history":[{"count":4,"href":"https:\/\/grandtravel.sk\/de\/wp-json\/wp\/v2\/pages\/1411\/revisions"}],"predecessor-version":[{"id":1416,"href":"https:\/\/grandtravel.sk\/de\/wp-json\/wp\/v2\/pages\/1411\/revisions\/1416"}],"wp:featuredmedia":[{"embeddable":true,"href":"https:\/\/grandtravel.sk\/de\/wp-json\/wp\/v2\/media\/1210"}],"wp:attachment":[{"href":"https:\/\/grandtravel.sk\/de\/wp-json\/wp\/v2\/media?parent=1411"}],"curies":[{"name":"wp","href":"https:\/\/api.w.org\/{rel}","templated":true}]}}