{"id":1384,"date":"2024-11-25T22:42:52","date_gmt":"2024-11-25T21:42:52","guid":{"rendered":"https:\/\/new.grandtravel.sk\/pre-firmy\/"},"modified":"2025-01-30T17:18:23","modified_gmt":"2025-01-30T16:18:23","slug":"fuer-unternehmen","status":"publish","type":"page","link":"https:\/\/grandtravel.sk\/de\/fuer-unternehmen\/","title":{"rendered":"F\u00fcr Unternehmen"},"content":{"rendered":"\t\t<div data-elementor-type=\"wp-page\" data-elementor-id=\"1384\" class=\"elementor elementor-1384 elementor-493\" data-elementor-post-type=\"page\">\n\t\t\t\t<div class=\"elementor-element elementor-element-18e092c7 e-grid e-con-full e-con e-parent\" data-id=\"18e092c7\" data-element_type=\"container\" data-settings=\"{&quot;background_background&quot;:&quot;classic&quot;}\">\n\t\t<div class=\"elementor-element elementor-element-7ac5720b e-con-full e-flex e-con e-child\" data-id=\"7ac5720b\" data-element_type=\"container\">\n\t\t\t\t<div class=\"elementor-element elementor-element-21ad5353 elementor-widget elementor-widget-heading\" data-id=\"21ad5353\" data-element_type=\"widget\" data-widget_type=\"heading.default\">\n\t\t\t\t\t<p class=\"elementor-heading-title elementor-size-default\">F\u00fcr Unternehmen<\/p>\t\t\t\t<\/div>\n\t\t\t\t<div class=\"elementor-element elementor-element-227ef3b7 elementor-widget elementor-widget-heading\" data-id=\"227ef3b7\" data-element_type=\"widget\" data-widget_type=\"heading.default\">\n\t\t\t\t\t<h1 class=\"elementor-heading-title elementor-size-default\">Teambuilding f\u00fcr Unternehmen<\/h1>\t\t\t\t<\/div>\n\t\t\t\t<div class=\"elementor-element elementor-element-419b8e3e elementor-widget elementor-widget-text-editor\" data-id=\"419b8e3e\" data-element_type=\"widget\" data-widget_type=\"text-editor.default\">\n\t\t\t\t\t\t\t\t\t<p>Buchen Sie bei uns Erleben Sie Teambuilding in der Chata Pieniny und g\u00f6nnen Sie Ihren Mitarbeitern eine wohlverdiente Pause.<\/p>\t\t\t\t\t\t\t\t<\/div>\n\t\t\t\t<\/div>\n\t\t<div class=\"elementor-element elementor-element-2beda4f9 e-con-full e-flex e-con e-child\" data-id=\"2beda4f9\" data-element_type=\"container\" data-settings=\"{&quot;background_background&quot;:&quot;video&quot;,&quot;background_play_on_mobile&quot;:&quot;yes&quot;,&quot;background_video_link&quot;:&quot;https:\\\/\\\/youtu.be\\\/grccpR-kihI&quot;,&quot;background_privacy_mode&quot;:&quot;yes&quot;}\">\n\t\t<div class=\"elementor-background-video-container\">\n\t\t\t\t\t\t\t<div class=\"elementor-background-video-embed\"><\/div>\n\t\t\t\t\t\t<\/div>\t\t<\/div>\n\t\t\t\t<\/div>\n\t\t<div class=\"elementor-element elementor-element-42234ede e-grid e-con-full e-con e-parent\" data-id=\"42234ede\" data-element_type=\"container\" data-settings=\"{&quot;background_background&quot;:&quot;classic&quot;}\">\n\t\t<div class=\"elementor-element elementor-element-6313b26f e-con-full e-flex e-con e-child\" data-id=\"6313b26f\" data-element_type=\"container\" data-settings=\"{&quot;background_background&quot;:&quot;classic&quot;}\">\n\t\t\t\t<\/div>\n\t\t<div class=\"elementor-element elementor-element-43551ff3 e-con-full e-flex e-con e-child\" data-id=\"43551ff3\" data-element_type=\"container\" data-settings=\"{&quot;background_background&quot;:&quot;classic&quot;}\">\n\t\t\t\t<div class=\"elementor-element elementor-element-32f06d61 elementor-widget elementor-widget-heading\" data-id=\"32f06d61\" data-element_type=\"widget\" data-widget_type=\"heading.default\">\n\t\t\t\t\t<h2 class=\"elementor-heading-title elementor-size-default\">Aktivit\u00e4ten<\/h2>\t\t\t\t<\/div>\n\t\t\t\t<div class=\"elementor-element elementor-element-75f4e622 elementor-widget elementor-widget-text-editor\" data-id=\"75f4e622\" data-element_type=\"widget\" data-widget_type=\"text-editor.default\">\n\t\t\t\t\t\t\t\t\tSie k\u00f6nnen Ihren Teamgeist beim Rafting auf dem Fluss Dunajec, auf Sportpl\u00e4tzen, im Wald, aber auch in den Konferenzr\u00e4umen der Pieniny Chata st\u00e4rken. Sie werden eine unvergessliche Atmosph\u00e4re w\u00e4hrend eines echten Grillabends mit typischer Goral-Live-Musik und einem einzigartigen Akt des Schlagen zum Goral erleben.\t\t\t\t\t\t\t\t<\/div>\n\t\t\t\t<\/div>\n\t\t\t\t<\/div>\n\t\t<div class=\"elementor-element elementor-element-8c8c4ad e-grid e-con-full e-con e-parent\" data-id=\"8c8c4ad\" data-element_type=\"container\" data-settings=\"{&quot;background_background&quot;:&quot;classic&quot;}\">\n\t\t<div class=\"elementor-element elementor-element-b05668d e-con-full e-flex e-con e-child\" data-id=\"b05668d\" data-element_type=\"container\" data-settings=\"{&quot;background_background&quot;:&quot;gradient&quot;}\">\n\t\t\t\t<div class=\"elementor-element elementor-element-4c8e20a7 elementor-widget elementor-widget-heading\" data-id=\"4c8e20a7\" data-element_type=\"widget\" data-widget_type=\"heading.default\">\n\t\t\t\t\t<h2 class=\"elementor-heading-title elementor-size-default\">Warum erlebnisorientiertes Teambuilding in Chata Pieniny?<\/h2>\t\t\t\t<\/div>\n\t\t\t\t<div class=\"elementor-element elementor-element-d9efe59 elementor-widget elementor-widget-text-editor\" data-id=\"d9efe59\" data-element_type=\"widget\" data-widget_type=\"text-editor.default\">\n\t\t\t\t\t\t\t\t\t<ul><li>Kongressr\u00e4ume mit kompletter technischer Ausstattung<\/li><li>Erfahrenes Organisationsteam<\/li><li>Ruhige Umgebung<\/li><li>Professioneller Ansatz<\/li><li>Eine reiche Auswahl an Aktivit\u00e4ten und Dienstleistungen<\/li><\/ul>\t\t\t\t\t\t\t\t<\/div>\n\t\t\t\t<\/div>\n\t\t<div class=\"elementor-element elementor-element-6c86f59e e-con-full e-flex e-con e-child\" data-id=\"6c86f59e\" data-element_type=\"container\" data-settings=\"{&quot;background_background&quot;:&quot;classic&quot;}\">\n\t\t\t\t<\/div>\n\t\t\t\t<\/div>\n\t\t<div class=\"elementor-element elementor-element-7ede9d6e e-con-full e-flex e-con e-parent\" data-id=\"7ede9d6e\" data-element_type=\"container\" data-settings=\"{&quot;background_background&quot;:&quot;classic&quot;}\">\n\t\t<div class=\"elementor-element elementor-element-6e0f9348 e-flex e-con-boxed e-con e-child\" data-id=\"6e0f9348\" data-element_type=\"container\">\n\t\t\t\t\t<div class=\"e-con-inner\">\n\t\t\t\t<div class=\"elementor-element elementor-element-67997302 elementor-widget elementor-widget-heading\" data-id=\"67997302\" data-element_type=\"widget\" data-widget_type=\"heading.default\">\n\t\t\t\t\t<h2 class=\"elementor-heading-title elementor-size-default\">Hat Sie unser Angebot angesprochen?<\/h2>\t\t\t\t<\/div>\n\t\t\t\t<div class=\"elementor-element elementor-element-26b3732e elementor-widget elementor-widget-text-editor\" data-id=\"26b3732e\" data-element_type=\"widget\" data-widget_type=\"text-editor.default\">\n\t\t\t\t\t\t\t\t\tZ\u00f6gern Sie nicht, uns zu kontaktieren.\t\t\t\t\t\t\t\t<\/div>\n\t\t\t\t<div class=\"elementor-element elementor-element-376e6b94 elementor-widget elementor-widget-heading\" data-id=\"376e6b94\" data-element_type=\"widget\" data-widget_type=\"heading.default\">\n\t\t\t\t\t<p class=\"elementor-heading-title elementor-size-default\">Mobile<\/p>\t\t\t\t<\/div>\n\t\t\t\t<div class=\"elementor-element elementor-element-2fbd2960 elementor-widget elementor-widget-heading\" data-id=\"2fbd2960\" data-element_type=\"widget\" data-widget_type=\"heading.default\">\n\t\t\t\t\t<h6 class=\"elementor-heading-title elementor-size-default\"><a href=\"tel:+421910932363\">+421 910 932 363<\/a><\/h6>\t\t\t\t<\/div>\n\t\t\t\t<div class=\"elementor-element elementor-element-6e98716d elementor-widget elementor-widget-heading\" data-id=\"6e98716d\" data-element_type=\"widget\" data-widget_type=\"heading.default\">\n\t\t\t\t\t<p class=\"elementor-heading-title elementor-size-default\">E-mail<\/p>\t\t\t\t<\/div>\n\t\t\t\t<div class=\"elementor-element elementor-element-2ca3078a elementor-widget elementor-widget-heading\" data-id=\"2ca3078a\" data-element_type=\"widget\" data-widget_type=\"heading.default\">\n\t\t\t\t\t<h6 class=\"elementor-heading-title elementor-size-default\"><a href=\"mailto:info@grandtravel.sk\">info@grandtravel.sk<\/a><\/h6>\t\t\t\t<\/div>\n\t\t\t\t<div class=\"elementor-element elementor-element-2fc1e5d8 elementor-widget elementor-widget-heading\" data-id=\"2fc1e5d8\" data-element_type=\"widget\" data-widget_type=\"heading.default\">\n\t\t\t\t\t<p class=\"elementor-heading-title elementor-size-default\">Adresse<\/p>\t\t\t\t<\/div>\n\t\t\t\t<div class=\"elementor-element elementor-element-38271fec elementor-widget elementor-widget-text-editor\" data-id=\"38271fec\" data-element_type=\"widget\" data-widget_type=\"text-editor.default\">\n\t\t\t\t\t\t\t\t\t<p>Okru\u017en\u00e1 82<\/p><p>064 01 Star\u00e1 \u013dubov\u0148a<\/p>\t\t\t\t\t\t\t\t<\/div>\n\t\t\t\t\t<\/div>\n\t\t\t\t<\/div>\n\t\t<div class=\"elementor-element elementor-element-6c947ce2 e-con-full e-flex e-con e-child\" data-id=\"6c947ce2\" data-element_type=\"container\">\n\t\t\t\t<div class=\"elementor-element elementor-element-6b33f21f elementor-button-align-start elementor-widget elementor-widget-form\" data-id=\"6b33f21f\" data-element_type=\"widget\" data-settings=\"{&quot;step_next_label&quot;:&quot;\\u010eal\\u0161ie&quot;,&quot;step_previous_label&quot;:&quot;Predo\\u0161l\\u00e9&quot;,&quot;button_width&quot;:&quot;100&quot;,&quot;step_type&quot;:&quot;number_text&quot;,&quot;step_icon_shape&quot;:&quot;circle&quot;}\" data-widget_type=\"form.default\">\n\t\t\t\t\t\t\t<form class=\"elementor-form\" method=\"post\" name=\"New Form\">\n\t\t\t<input type=\"hidden\" name=\"post_id\" value=\"1384\"\/>\n\t\t\t<input type=\"hidden\" name=\"form_id\" value=\"6b33f21f\"\/>\n\t\t\t<input type=\"hidden\" name=\"referer_title\" value=\"F\u00fcr Unternehmen | Teambuilding | Grand Travel\" \/>\n\n\t\t\t\t\t\t\t<input type=\"hidden\" name=\"queried_id\" value=\"1384\"\/>\n\t\t\t\n\t\t\t<div class=\"elementor-form-fields-wrapper elementor-labels-above\">\n\t\t\t\t\t\t\t\t<div class=\"elementor-field-type-text elementor-field-group elementor-column elementor-field-group-name elementor-col-100\">\n\t\t\t\t\t\t\t\t\t\t\t\t<label for=\"form-field-name\" class=\"elementor-field-label\">\n\t\t\t\t\t\t\t\tName\t\t\t\t\t\t\t<\/label>\n\t\t\t\t\t\t\t\t\t\t\t\t\t\t<input size=\"1\" type=\"text\" name=\"form_fields[name]\" id=\"form-field-name\" class=\"elementor-field elementor-size-sm  elementor-field-textual\">\n\t\t\t\t\t\t\t\t\t\t\t<\/div>\n\t\t\t\t\t\t\t\t<div class=\"elementor-field-type-email elementor-field-group elementor-column elementor-field-group-email elementor-col-50 elementor-field-required\">\n\t\t\t\t\t\t\t\t\t\t\t\t<label for=\"form-field-email\" class=\"elementor-field-label\">\n\t\t\t\t\t\t\t\tEmail\t\t\t\t\t\t\t<\/label>\n\t\t\t\t\t\t\t\t\t\t\t\t\t\t<input size=\"1\" type=\"email\" name=\"form_fields[email]\" id=\"form-field-email\" class=\"elementor-field elementor-size-sm  elementor-field-textual\" required=\"required\">\n\t\t\t\t\t\t\t\t\t\t\t<\/div>\n\t\t\t\t\t\t\t\t<div class=\"elementor-field-type-text elementor-field-group elementor-column elementor-field-group-field_6dace15 elementor-col-50\">\n\t\t\t\t\t\t\t\t\t\t\t\t<label for=\"form-field-field_6dace15\" class=\"elementor-field-label\">\n\t\t\t\t\t\t\t\tMobile\t\t\t\t\t\t\t<\/label>\n\t\t\t\t\t\t\t\t\t\t\t\t\t\t<input size=\"1\" type=\"text\" name=\"form_fields[field_6dace15]\" id=\"form-field-field_6dace15\" class=\"elementor-field elementor-size-sm  elementor-field-textual\">\n\t\t\t\t\t\t\t\t\t\t\t<\/div>\n\t\t\t\t\t\t\t\t<div class=\"elementor-field-type-textarea elementor-field-group elementor-column elementor-field-group-message elementor-col-100\">\n\t\t\t\t\t\t\t\t\t\t\t\t<label for=\"form-field-message\" class=\"elementor-field-label\">\n\t\t\t\t\t\t\t\tNachricht\t\t\t\t\t\t\t<\/label>\n\t\t\t\t\t\t<textarea class=\"elementor-field-textual elementor-field  elementor-size-sm\" name=\"form_fields[message]\" id=\"form-field-message\" rows=\"5\"><\/textarea>\t\t\t\t<\/div>\n\t\t\t\t\t\t\t\t<div class=\"elementor-field-type-acceptance elementor-field-group elementor-column elementor-field-group-field_3f940b0 elementor-col-100 elementor-field-required\">\n\t\t\t\t\t\t\t<div class=\"elementor-field-subgroup\">\n\t\t\t<span class=\"elementor-field-option\">\n\t\t\t\t<input type=\"checkbox\" name=\"form_fields[field_3f940b0]\" id=\"form-field-field_3f940b0\" class=\"elementor-field elementor-size-sm  elementor-acceptance-field\" required=\"required\">\n\t\t\t\t<label for=\"form-field-field_3f940b0\">Ich stimme der Verarbeitung personenbezogener Daten zu<\/label>\t\t\t<\/span>\n\t\t<\/div>\n\t\t\t\t\t\t<\/div>\n\t\t\t\t\t\t\t\t<div class=\"elementor-field-type-recaptcha_v3 elementor-field-group elementor-column elementor-field-group-field_48371d6 elementor-col-100 recaptcha_v3-inline\">\n\t\t\t\t\t<div class=\"elementor-field\" id=\"form-field-field_48371d6\"><div class=\"elementor-g-recaptcha\" data-sitekey=\"6LfsQMIqAAAAAGwSA0h793ZWGsClKjJj_cfsXH5I\" data-type=\"v3\" data-action=\"Form\" data-badge=\"inline\" data-size=\"invisible\"><\/div><\/div>\t\t\t\t<\/div>\n\t\t\t\t\t\t\t\t<div class=\"elementor-field-group elementor-column elementor-field-type-submit elementor-col-100 e-form__buttons\">\n\t\t\t\t\t<button class=\"elementor-button elementor-size-sm\" type=\"submit\">\n\t\t\t\t\t\t<span class=\"elementor-button-content-wrapper\">\n\t\t\t\t\t\t\t\t\t\t\t\t\t\t\t\t\t\t\t\t\t\t<span class=\"elementor-button-text\">Senden<\/span>\n\t\t\t\t\t\t\t\t\t\t\t\t\t<\/span>\n\t\t\t\t\t<\/button>\n\t\t\t\t<\/div>\n\t\t\t<\/div>\n\t\t<\/form>\n\t\t\t\t\t\t<\/div>\n\t\t\t\t<\/div>\n\t\t\t\t<\/div>\n\t\t\t\t<\/div>\n\t\t","protected":false},"excerpt":{"rendered":"<p>F\u00fcr Unternehmen Teambuilding f\u00fcr Unternehmen Buchen Sie bei uns Erleben Sie Teambuilding in der Chata Pieniny und g\u00f6nnen Sie Ihren Mitarbeitern eine wohlverdiente Pause. Aktivit\u00e4ten Sie k\u00f6nnen Ihren Teamgeist beim Rafting auf dem Fluss Dunajec, auf Sportpl\u00e4tzen, im Wald, aber auch in den Konferenzr\u00e4umen der Pieniny Chata st\u00e4rken. Sie werden eine unvergessliche Atmosph\u00e4re w\u00e4hrend eines [&hellip;]<\/p>\n","protected":false},"author":1,"featured_media":1214,"parent":0,"menu_order":0,"comment_status":"closed","ping_status":"closed","template":"","meta":{"footnotes":""},"class_list":["post-1384","page","type-page","status-publish","has-post-thumbnail","hentry"],"yoast_head":"<!-- This site is optimized with the Yoast SEO plugin v24.3 - https:\/\/yoast.com\/wordpress\/plugins\/seo\/ -->\n<title>F\u00fcr Unternehmen | Teambuilding | Grand Travel<\/title>\n<meta name=\"description\" content=\"Buchen Sie bei uns Erleben Sie Teambuilding in der Chata Pieniny und g\u00f6nnen Sie Ihren Mitarbeitern eine wohlverdiente Pause.\" \/>\n<meta name=\"robots\" content=\"index, follow, max-snippet:-1, max-image-preview:large, max-video-preview:-1\" \/>\n<link rel=\"canonical\" href=\"https:\/\/grandtravel.sk\/de\/fuer-unternehmen\/\" \/>\n<meta property=\"og:locale\" content=\"de_DE\" \/>\n<meta property=\"og:type\" content=\"article\" \/>\n<meta property=\"og:title\" content=\"F\u00fcr Unternehmen | Teambuilding | Grand Travel\" \/>\n<meta property=\"og:description\" content=\"Buchen Sie bei uns Erleben Sie Teambuilding in der Chata Pieniny und g\u00f6nnen Sie Ihren Mitarbeitern eine wohlverdiente Pause.\" \/>\n<meta property=\"og:url\" content=\"https:\/\/grandtravel.sk\/de\/fuer-unternehmen\/\" \/>\n<meta property=\"og:site_name\" content=\"Grandtravel\" \/>\n<meta property=\"article:modified_time\" content=\"2025-01-30T16:18:23+00:00\" \/>\n<meta property=\"og:image\" content=\"https:\/\/grandtravel.sk\/wp-content\/uploads\/2025\/01\/pre-firmy-scaled.jpg\" \/>\n\t<meta property=\"og:image:width\" content=\"2560\" \/>\n\t<meta property=\"og:image:height\" content=\"1519\" \/>\n\t<meta property=\"og:image:type\" content=\"image\/jpeg\" \/>\n<meta name=\"twitter:card\" content=\"summary_large_image\" \/>\n<script type=\"application\/ld+json\" class=\"yoast-schema-graph\">{\"@context\":\"https:\/\/schema.org\",\"@graph\":[{\"@type\":\"WebPage\",\"@id\":\"https:\/\/grandtravel.sk\/de\/fuer-unternehmen\/\",\"url\":\"https:\/\/grandtravel.sk\/de\/fuer-unternehmen\/\",\"name\":\"F\u00fcr Unternehmen | Teambuilding | Grand Travel\",\"isPartOf\":{\"@id\":\"https:\/\/grandtravel.sk\/de\/#website\"},\"primaryImageOfPage\":{\"@id\":\"https:\/\/grandtravel.sk\/de\/fuer-unternehmen\/#primaryimage\"},\"image\":{\"@id\":\"https:\/\/grandtravel.sk\/de\/fuer-unternehmen\/#primaryimage\"},\"thumbnailUrl\":\"https:\/\/grandtravel.sk\/wp-content\/uploads\/2025\/01\/pre-firmy-scaled.jpg\",\"datePublished\":\"2024-11-25T21:42:52+00:00\",\"dateModified\":\"2025-01-30T16:18:23+00:00\",\"description\":\"Buchen Sie bei uns Erleben Sie Teambuilding in der Chata Pieniny und g\u00f6nnen Sie Ihren Mitarbeitern eine wohlverdiente Pause.\",\"breadcrumb\":{\"@id\":\"https:\/\/grandtravel.sk\/de\/fuer-unternehmen\/#breadcrumb\"},\"inLanguage\":\"de\",\"potentialAction\":[{\"@type\":\"ReadAction\",\"target\":[\"https:\/\/grandtravel.sk\/de\/fuer-unternehmen\/\"]}]},{\"@type\":\"ImageObject\",\"inLanguage\":\"de\",\"@id\":\"https:\/\/grandtravel.sk\/de\/fuer-unternehmen\/#primaryimage\",\"url\":\"https:\/\/grandtravel.sk\/wp-content\/uploads\/2025\/01\/pre-firmy-scaled.jpg\",\"contentUrl\":\"https:\/\/grandtravel.sk\/wp-content\/uploads\/2025\/01\/pre-firmy-scaled.jpg\",\"width\":2560,\"height\":1519},{\"@type\":\"BreadcrumbList\",\"@id\":\"https:\/\/grandtravel.sk\/de\/fuer-unternehmen\/#breadcrumb\",\"itemListElement\":[{\"@type\":\"ListItem\",\"position\":1,\"name\":\"Domovsk\u00e1 str\u00e1nka\",\"item\":\"https:\/\/grandtravel.sk\/de\/\"},{\"@type\":\"ListItem\",\"position\":2,\"name\":\"F\u00fcr Unternehmen\"}]},{\"@type\":\"WebSite\",\"@id\":\"https:\/\/grandtravel.sk\/de\/#website\",\"url\":\"https:\/\/grandtravel.sk\/de\/\",\"name\":\"Grandtravel\",\"description\":\"Za\u017eite Pieniny\",\"potentialAction\":[{\"@type\":\"SearchAction\",\"target\":{\"@type\":\"EntryPoint\",\"urlTemplate\":\"https:\/\/grandtravel.sk\/de\/?s={search_term_string}\"},\"query-input\":{\"@type\":\"PropertyValueSpecification\",\"valueRequired\":true,\"valueName\":\"search_term_string\"}}],\"inLanguage\":\"de\"}]}<\/script>\n<!-- \/ Yoast SEO plugin. -->","yoast_head_json":{"title":"F\u00fcr Unternehmen | Teambuilding | Grand Travel","description":"Buchen Sie bei uns Erleben Sie Teambuilding in der Chata Pieniny und g\u00f6nnen Sie Ihren Mitarbeitern eine wohlverdiente Pause.","robots":{"index":"index","follow":"follow","max-snippet":"max-snippet:-1","max-image-preview":"max-image-preview:large","max-video-preview":"max-video-preview:-1"},"canonical":"https:\/\/grandtravel.sk\/de\/fuer-unternehmen\/","og_locale":"de_DE","og_type":"article","og_title":"F\u00fcr Unternehmen | Teambuilding | Grand Travel","og_description":"Buchen Sie bei uns Erleben Sie Teambuilding in der Chata Pieniny und g\u00f6nnen Sie Ihren Mitarbeitern eine wohlverdiente Pause.","og_url":"https:\/\/grandtravel.sk\/de\/fuer-unternehmen\/","og_site_name":"Grandtravel","article_modified_time":"2025-01-30T16:18:23+00:00","og_image":[{"width":2560,"height":1519,"url":"https:\/\/grandtravel.sk\/wp-content\/uploads\/2025\/01\/pre-firmy-scaled.jpg","type":"image\/jpeg"}],"twitter_card":"summary_large_image","schema":{"@context":"https:\/\/schema.org","@graph":[{"@type":"WebPage","@id":"https:\/\/grandtravel.sk\/de\/fuer-unternehmen\/","url":"https:\/\/grandtravel.sk\/de\/fuer-unternehmen\/","name":"F\u00fcr Unternehmen | Teambuilding | Grand Travel","isPartOf":{"@id":"https:\/\/grandtravel.sk\/de\/#website"},"primaryImageOfPage":{"@id":"https:\/\/grandtravel.sk\/de\/fuer-unternehmen\/#primaryimage"},"image":{"@id":"https:\/\/grandtravel.sk\/de\/fuer-unternehmen\/#primaryimage"},"thumbnailUrl":"https:\/\/grandtravel.sk\/wp-content\/uploads\/2025\/01\/pre-firmy-scaled.jpg","datePublished":"2024-11-25T21:42:52+00:00","dateModified":"2025-01-30T16:18:23+00:00","description":"Buchen Sie bei uns Erleben Sie Teambuilding in der Chata Pieniny und g\u00f6nnen Sie Ihren Mitarbeitern eine wohlverdiente Pause.","breadcrumb":{"@id":"https:\/\/grandtravel.sk\/de\/fuer-unternehmen\/#breadcrumb"},"inLanguage":"de","potentialAction":[{"@type":"ReadAction","target":["https:\/\/grandtravel.sk\/de\/fuer-unternehmen\/"]}]},{"@type":"ImageObject","inLanguage":"de","@id":"https:\/\/grandtravel.sk\/de\/fuer-unternehmen\/#primaryimage","url":"https:\/\/grandtravel.sk\/wp-content\/uploads\/2025\/01\/pre-firmy-scaled.jpg","contentUrl":"https:\/\/grandtravel.sk\/wp-content\/uploads\/2025\/01\/pre-firmy-scaled.jpg","width":2560,"height":1519},{"@type":"BreadcrumbList","@id":"https:\/\/grandtravel.sk\/de\/fuer-unternehmen\/#breadcrumb","itemListElement":[{"@type":"ListItem","position":1,"name":"Domovsk\u00e1 str\u00e1nka","item":"https:\/\/grandtravel.sk\/de\/"},{"@type":"ListItem","position":2,"name":"F\u00fcr Unternehmen"}]},{"@type":"WebSite","@id":"https:\/\/grandtravel.sk\/de\/#website","url":"https:\/\/grandtravel.sk\/de\/","name":"Grandtravel","description":"Za\u017eite Pieniny","potentialAction":[{"@type":"SearchAction","target":{"@type":"EntryPoint","urlTemplate":"https:\/\/grandtravel.sk\/de\/?s={search_term_string}"},"query-input":{"@type":"PropertyValueSpecification","valueRequired":true,"valueName":"search_term_string"}}],"inLanguage":"de"}]}},"_links":{"self":[{"href":"https:\/\/grandtravel.sk\/de\/wp-json\/wp\/v2\/pages\/1384","targetHints":{"allow":["GET"]}}],"collection":[{"href":"https:\/\/grandtravel.sk\/de\/wp-json\/wp\/v2\/pages"}],"about":[{"href":"https:\/\/grandtravel.sk\/de\/wp-json\/wp\/v2\/types\/page"}],"author":[{"embeddable":true,"href":"https:\/\/grandtravel.sk\/de\/wp-json\/wp\/v2\/users\/1"}],"replies":[{"embeddable":true,"href":"https:\/\/grandtravel.sk\/de\/wp-json\/wp\/v2\/comments?post=1384"}],"version-history":[{"count":4,"href":"https:\/\/grandtravel.sk\/de\/wp-json\/wp\/v2\/pages\/1384\/revisions"}],"predecessor-version":[{"id":1389,"href":"https:\/\/grandtravel.sk\/de\/wp-json\/wp\/v2\/pages\/1384\/revisions\/1389"}],"wp:featuredmedia":[{"embeddable":true,"href":"https:\/\/grandtravel.sk\/de\/wp-json\/wp\/v2\/media\/1214"}],"wp:attachment":[{"href":"https:\/\/grandtravel.sk\/de\/wp-json\/wp\/v2\/media?parent=1384"}],"curies":[{"name":"wp","href":"https:\/\/api.w.org\/{rel}","templated":true}]}}