{"id":1319,"date":"2024-06-13T21:51:06","date_gmt":"2024-06-13T19:51:06","guid":{"rendered":"https:\/\/new.grandtravel.sk\/o-nas\/"},"modified":"2025-01-30T16:55:58","modified_gmt":"2025-01-30T15:55:58","slug":"uber-uns","status":"publish","type":"page","link":"https:\/\/grandtravel.sk\/de\/uber-uns\/","title":{"rendered":"\u00dcber uns"},"content":{"rendered":"\t\t<div data-elementor-type=\"wp-page\" data-elementor-id=\"1319\" class=\"elementor elementor-1319 elementor-18\" data-elementor-post-type=\"page\">\n\t\t\t\t<div class=\"elementor-element elementor-element-673b4cd5 e-grid e-con-full e-con e-parent\" data-id=\"673b4cd5\" data-element_type=\"container\" data-settings=\"{&quot;background_background&quot;:&quot;classic&quot;}\">\n\t\t<div class=\"elementor-element elementor-element-545c03ff e-con-full e-flex e-con e-child\" data-id=\"545c03ff\" data-element_type=\"container\">\n\t\t\t\t<div class=\"elementor-element elementor-element-487f1614 elementor-widget elementor-widget-heading\" data-id=\"487f1614\" data-element_type=\"widget\" data-widget_type=\"heading.default\">\n\t\t\t\t\t<h1 class=\"elementor-heading-title elementor-size-default\">\u00dcber uns<\/h1>\t\t\t\t<\/div>\n\t\t\t\t<div class=\"elementor-element elementor-element-27feca26 elementor-widget elementor-widget-text-editor\" data-id=\"27feca26\" data-element_type=\"widget\" data-widget_type=\"text-editor.default\">\n\t\t\t\t\t\t\t\t\tWir sind ein junges Ehepaar, das sein Leben der Tourismusbranche gewidmet hat.\t\t\t\t\t\t\t\t<\/div>\n\t\t\t\t<div class=\"elementor-element elementor-element-f1bb768 elementor-widget elementor-widget-text-editor\" data-id=\"f1bb768\" data-element_type=\"widget\" data-widget_type=\"text-editor.default\">\n\t\t\t\t\t\t\t\t\tMit unserem Reiseb\u00fcro Grand Travel m\u00f6chten wir Ihnen die Sch\u00f6nheit des Nationalparks Pieniny und der Region Nordzips zeigen. Wir sind kreativ und professionell und unser Ziel ist es, dass Sie sich im Pieniny-Gebirge wohl f\u00fchlen, sch\u00f6ne Erinnerungen mitnehmen und die unvergessliche Atmosph\u00e4re des kleinsten und sch\u00f6nsten Nationalparks der Slowakei erleben.\t\t\t\t\t\t\t\t<\/div>\n\t\t\t\t<\/div>\n\t\t<div class=\"elementor-element elementor-element-5cdcfd9 e-con-full e-flex e-con e-child\" data-id=\"5cdcfd9\" data-element_type=\"container\" data-settings=\"{&quot;background_background&quot;:&quot;slideshow&quot;,&quot;background_slideshow_gallery&quot;:[{&quot;id&quot;:886,&quot;url&quot;:&quot;https:\\\/\\\/grandtravel.sk\\\/wp-content\\\/uploads\\\/2025\\\/01\\\/SAM_0116-1024x768-1.jpg&quot;},{&quot;id&quot;:872,&quot;url&quot;:&quot;https:\\\/\\\/grandtravel.sk\\\/wp-content\\\/uploads\\\/2025\\\/01\\\/IN-DER-SLOVAKEI-25-1024x768-1.jpg&quot;},{&quot;id&quot;:885,&quot;url&quot;:&quot;https:\\\/\\\/grandtravel.sk\\\/wp-content\\\/uploads\\\/2025\\\/01\\\/P8306982-1024x768-1.jpg&quot;},{&quot;id&quot;:884,&quot;url&quot;:&quot;https:\\\/\\\/grandtravel.sk\\\/wp-content\\\/uploads\\\/2025\\\/01\\\/IN-DER-SLOVAKEI-664-Arbeitskopie-3-1024x768-1.jpg&quot;},{&quot;id&quot;:883,&quot;url&quot;:&quot;https:\\\/\\\/grandtravel.sk\\\/wp-content\\\/uploads\\\/2025\\\/01\\\/IN-DER-SLOVAKEI-658-Arbeitskopie-3-1024x768-1.jpg&quot;},{&quot;id&quot;:882,&quot;url&quot;:&quot;https:\\\/\\\/grandtravel.sk\\\/wp-content\\\/uploads\\\/2025\\\/01\\\/IN-DER-SLOVAKEI-439-1024x768-1.jpg&quot;},{&quot;id&quot;:881,&quot;url&quot;:&quot;https:\\\/\\\/grandtravel.sk\\\/wp-content\\\/uploads\\\/2025\\\/01\\\/IN-DER-SLOVAKEI-359-1024x768-1.jpg&quot;},{&quot;id&quot;:880,&quot;url&quot;:&quot;https:\\\/\\\/grandtravel.sk\\\/wp-content\\\/uploads\\\/2025\\\/01\\\/IN-DER-SLOVAKEI-357-Arbeitskopie-2-1024x768-1.jpg&quot;},{&quot;id&quot;:879,&quot;url&quot;:&quot;https:\\\/\\\/grandtravel.sk\\\/wp-content\\\/uploads\\\/2025\\\/01\\\/IN-DER-SLOVAKEI-325-Arbeitskopie-3-1024x768-1.jpg&quot;},{&quot;id&quot;:878,&quot;url&quot;:&quot;https:\\\/\\\/grandtravel.sk\\\/wp-content\\\/uploads\\\/2025\\\/01\\\/IN-DER-SLOVAKEI-293-Arbeitskopie-2-1024x768-1.jpg&quot;},{&quot;id&quot;:877,&quot;url&quot;:&quot;https:\\\/\\\/grandtravel.sk\\\/wp-content\\\/uploads\\\/2025\\\/01\\\/IN-DER-SLOVAKEI-232-1024x768-1.jpg&quot;},{&quot;id&quot;:876,&quot;url&quot;:&quot;https:\\\/\\\/grandtravel.sk\\\/wp-content\\\/uploads\\\/2025\\\/01\\\/IN-DER-SLOVAKEI-138-1024x768-1.jpg&quot;},{&quot;id&quot;:875,&quot;url&quot;:&quot;https:\\\/\\\/grandtravel.sk\\\/wp-content\\\/uploads\\\/2025\\\/01\\\/IN-DER-SLOVAKEI-116-1024x768-1.jpg&quot;},{&quot;id&quot;:874,&quot;url&quot;:&quot;https:\\\/\\\/grandtravel.sk\\\/wp-content\\\/uploads\\\/2025\\\/01\\\/IN-DER-SLOVAKEI-68-1024x768-1.jpg&quot;},{&quot;id&quot;:873,&quot;url&quot;:&quot;https:\\\/\\\/grandtravel.sk\\\/wp-content\\\/uploads\\\/2025\\\/01\\\/IN-DER-SLOVAKEI-54-1024x768-1.jpg&quot;}],&quot;background_slideshow_slide_duration&quot;:2000,&quot;background_slideshow_transition_duration&quot;:200,&quot;background_slideshow_loop&quot;:&quot;yes&quot;,&quot;background_slideshow_slide_transition&quot;:&quot;fade&quot;}\">\n\t\t\t\t<\/div>\n\t\t\t\t<\/div>\n\t\t<div class=\"elementor-element elementor-element-79e1f3ea e-grid e-con-full e-con e-parent\" data-id=\"79e1f3ea\" data-element_type=\"container\" data-settings=\"{&quot;background_background&quot;:&quot;classic&quot;}\">\n\t\t<div class=\"elementor-element elementor-element-4259f2a1 e-con-full e-flex e-con e-child\" data-id=\"4259f2a1\" data-element_type=\"container\" data-settings=\"{&quot;background_background&quot;:&quot;classic&quot;}\">\n\t\t\t\t<\/div>\n\t\t<div class=\"elementor-element elementor-element-7e0d77df e-con-full e-flex e-con e-child\" data-id=\"7e0d77df\" data-element_type=\"container\" data-settings=\"{&quot;background_background&quot;:&quot;gradient&quot;}\">\n\t\t\t\t<div class=\"elementor-element elementor-element-4a44dcd4 elementor-widget elementor-widget-heading\" data-id=\"4a44dcd4\" data-element_type=\"widget\" data-widget_type=\"heading.default\">\n\t\t\t\t\t<h2 class=\"elementor-heading-title elementor-size-default\">Reiseleiter Nina<\/h2>\t\t\t\t<\/div>\n\t\t\t\t<div class=\"elementor-element elementor-element-2d5b31fb elementor-widget elementor-widget-text-editor\" data-id=\"2d5b31fb\" data-element_type=\"widget\" data-widget_type=\"text-editor.default\">\n\t\t\t\t\t\t\t\t\tZum Beruf des Reiseleiters bin ich w\u00e4hrend meines Studiums an der Universit\u00e4t durch Zufall gekommen. Das hat mich so begeistert, dass ich es seitdem immer wieder mache. Dank meiner Arbeit als Reiseleiterin lernte ich meinen Mann Jan kennen, und gemeinsam beschlossen wir, ein Reiseb\u00fcro zu gr\u00fcnden und Pieniny bekannt zu machen. \t\t\t\t\t\t\t\t<\/div>\n\t\t\t\t<div class=\"elementor-element elementor-element-42fa672 elementor-widget elementor-widget-text-editor\" data-id=\"42fa672\" data-element_type=\"widget\" data-widget_type=\"text-editor.default\">\n\t\t\t\t\t\t\t\t\t<p>Ich liebe es, mit Menschen zu arbeiten, aktiv zu sein und jeden Tag neue Menschen zu treffen. Ich habe auch versucht, au\u00dferhalb der Tourismusbranche zu arbeiten, aber es hat mich darin best\u00e4tigt, dass der Tourismus und die Arbeit als Reiseleiter mir am meisten Spa\u00df macht und ich mich diesem Beruf voll und ganz widmen m\u00f6chte. Gerne gehe ich mit meiner individuellen Herangehensweise auf all Ihre Vorstellungen und Anforderungen ein.<\/p>\n<p>Ich freue mich auf die Zusammenarbeit mit Ihnen \ud83d\ude0a.<\/p>\t\t\t\t\t\t\t\t<\/div>\n\t\t\t\t<\/div>\n\t\t\t\t<\/div>\n\t\t<div class=\"elementor-element elementor-element-67aa0b9 e-con-full e-flex e-con e-parent\" data-id=\"67aa0b9\" data-element_type=\"container\" data-settings=\"{&quot;background_background&quot;:&quot;classic&quot;}\">\n\t\t<div class=\"elementor-element elementor-element-228522cd e-flex e-con-boxed e-con e-child\" data-id=\"228522cd\" data-element_type=\"container\">\n\t\t\t\t\t<div class=\"e-con-inner\">\n\t\t\t\t<div class=\"elementor-element elementor-element-542b65d8 elementor-widget elementor-widget-heading\" data-id=\"542b65d8\" data-element_type=\"widget\" data-widget_type=\"heading.default\">\n\t\t\t\t\t<h2 class=\"elementor-heading-title elementor-size-default\">Hat Sie unser Angebot angesprochen?<\/h2>\t\t\t\t<\/div>\n\t\t\t\t<div class=\"elementor-element elementor-element-251c08b elementor-widget elementor-widget-text-editor\" data-id=\"251c08b\" data-element_type=\"widget\" data-widget_type=\"text-editor.default\">\n\t\t\t\t\t\t\t\t\tZ\u00f6gern Sie nicht, uns zu kontaktieren.\t\t\t\t\t\t\t\t<\/div>\n\t\t\t\t<div class=\"elementor-element elementor-element-73f8df2b elementor-widget elementor-widget-heading\" data-id=\"73f8df2b\" data-element_type=\"widget\" data-widget_type=\"heading.default\">\n\t\t\t\t\t<p class=\"elementor-heading-title elementor-size-default\">Mobile<\/p>\t\t\t\t<\/div>\n\t\t\t\t<div class=\"elementor-element elementor-element-3db5ef2 elementor-widget elementor-widget-heading\" data-id=\"3db5ef2\" data-element_type=\"widget\" data-widget_type=\"heading.default\">\n\t\t\t\t\t<h6 class=\"elementor-heading-title elementor-size-default\"><a href=\"tel:+421910932363\">+421 910 932 363<\/a><\/h6>\t\t\t\t<\/div>\n\t\t\t\t<div class=\"elementor-element elementor-element-7e5ab05 elementor-widget elementor-widget-heading\" data-id=\"7e5ab05\" data-element_type=\"widget\" data-widget_type=\"heading.default\">\n\t\t\t\t\t<p class=\"elementor-heading-title elementor-size-default\">E-mail<\/p>\t\t\t\t<\/div>\n\t\t\t\t<div class=\"elementor-element elementor-element-96ac7e6 elementor-widget elementor-widget-heading\" data-id=\"96ac7e6\" data-element_type=\"widget\" data-widget_type=\"heading.default\">\n\t\t\t\t\t<h6 class=\"elementor-heading-title elementor-size-default\"><a href=\"mailto:info@grandtravel.sk\">info@grandtravel.sk<\/a><\/h6>\t\t\t\t<\/div>\n\t\t\t\t<div class=\"elementor-element elementor-element-bb4ac4d elementor-widget elementor-widget-heading\" data-id=\"bb4ac4d\" data-element_type=\"widget\" data-widget_type=\"heading.default\">\n\t\t\t\t\t<p class=\"elementor-heading-title elementor-size-default\">Adresse<\/p>\t\t\t\t<\/div>\n\t\t\t\t<div class=\"elementor-element elementor-element-48e0d75 elementor-widget elementor-widget-text-editor\" data-id=\"48e0d75\" data-element_type=\"widget\" data-widget_type=\"text-editor.default\">\n\t\t\t\t\t\t\t\t\t<p>Okru\u017en\u00e1 82<\/p><p>064 01 Star\u00e1 \u013dubov\u0148a<\/p>\t\t\t\t\t\t\t\t<\/div>\n\t\t\t\t\t<\/div>\n\t\t\t\t<\/div>\n\t\t<div class=\"elementor-element elementor-element-4dcf3206 e-con-full e-flex e-con e-child\" data-id=\"4dcf3206\" data-element_type=\"container\">\n\t\t\t\t<div class=\"elementor-element elementor-element-43330c8 elementor-button-align-start elementor-widget elementor-widget-form\" data-id=\"43330c8\" data-element_type=\"widget\" data-settings=\"{&quot;step_next_label&quot;:&quot;\\u010eal\\u0161ie&quot;,&quot;step_previous_label&quot;:&quot;Predo\\u0161l\\u00e9&quot;,&quot;button_width&quot;:&quot;100&quot;,&quot;step_type&quot;:&quot;number_text&quot;,&quot;step_icon_shape&quot;:&quot;circle&quot;}\" data-widget_type=\"form.default\">\n\t\t\t\t\t\t\t<form class=\"elementor-form\" method=\"post\" name=\"New Form\">\n\t\t\t<input type=\"hidden\" name=\"post_id\" value=\"1319\"\/>\n\t\t\t<input type=\"hidden\" name=\"form_id\" value=\"43330c8\"\/>\n\t\t\t<input type=\"hidden\" name=\"referer_title\" value=\"\u00dcber uns | Grand Travel | Reiseb\u00fcro | Pieniny\" \/>\n\n\t\t\t\t\t\t\t<input type=\"hidden\" name=\"queried_id\" value=\"1319\"\/>\n\t\t\t\n\t\t\t<div class=\"elementor-form-fields-wrapper elementor-labels-above\">\n\t\t\t\t\t\t\t\t<div class=\"elementor-field-type-text elementor-field-group elementor-column elementor-field-group-name elementor-col-100\">\n\t\t\t\t\t\t\t\t\t\t\t\t<label for=\"form-field-name\" class=\"elementor-field-label\">\n\t\t\t\t\t\t\t\tName\t\t\t\t\t\t\t<\/label>\n\t\t\t\t\t\t\t\t\t\t\t\t\t\t<input size=\"1\" type=\"text\" name=\"form_fields[name]\" id=\"form-field-name\" class=\"elementor-field elementor-size-sm  elementor-field-textual\">\n\t\t\t\t\t\t\t\t\t\t\t<\/div>\n\t\t\t\t\t\t\t\t<div class=\"elementor-field-type-email elementor-field-group elementor-column elementor-field-group-email elementor-col-50 elementor-field-required\">\n\t\t\t\t\t\t\t\t\t\t\t\t<label for=\"form-field-email\" class=\"elementor-field-label\">\n\t\t\t\t\t\t\t\tEmail\t\t\t\t\t\t\t<\/label>\n\t\t\t\t\t\t\t\t\t\t\t\t\t\t<input size=\"1\" type=\"email\" name=\"form_fields[email]\" id=\"form-field-email\" class=\"elementor-field elementor-size-sm  elementor-field-textual\" required=\"required\">\n\t\t\t\t\t\t\t\t\t\t\t<\/div>\n\t\t\t\t\t\t\t\t<div class=\"elementor-field-type-text elementor-field-group elementor-column elementor-field-group-field_6dace15 elementor-col-50\">\n\t\t\t\t\t\t\t\t\t\t\t\t<label for=\"form-field-field_6dace15\" class=\"elementor-field-label\">\n\t\t\t\t\t\t\t\tMobile\t\t\t\t\t\t\t<\/label>\n\t\t\t\t\t\t\t\t\t\t\t\t\t\t<input size=\"1\" type=\"text\" name=\"form_fields[field_6dace15]\" id=\"form-field-field_6dace15\" class=\"elementor-field elementor-size-sm  elementor-field-textual\">\n\t\t\t\t\t\t\t\t\t\t\t<\/div>\n\t\t\t\t\t\t\t\t<div class=\"elementor-field-type-textarea elementor-field-group elementor-column elementor-field-group-message elementor-col-100\">\n\t\t\t\t\t\t\t\t\t\t\t\t<label for=\"form-field-message\" class=\"elementor-field-label\">\n\t\t\t\t\t\t\t\tNachricht\t\t\t\t\t\t\t<\/label>\n\t\t\t\t\t\t<textarea class=\"elementor-field-textual elementor-field  elementor-size-sm\" name=\"form_fields[message]\" id=\"form-field-message\" rows=\"5\"><\/textarea>\t\t\t\t<\/div>\n\t\t\t\t\t\t\t\t<div class=\"elementor-field-type-acceptance elementor-field-group elementor-column elementor-field-group-field_3f940b0 elementor-col-100 elementor-field-required\">\n\t\t\t\t\t\t\t<div class=\"elementor-field-subgroup\">\n\t\t\t<span class=\"elementor-field-option\">\n\t\t\t\t<input type=\"checkbox\" name=\"form_fields[field_3f940b0]\" id=\"form-field-field_3f940b0\" class=\"elementor-field elementor-size-sm  elementor-acceptance-field\" required=\"required\">\n\t\t\t\t<label for=\"form-field-field_3f940b0\">Ich stimme der Verarbeitung personenbezogener Daten zu<\/label>\t\t\t<\/span>\n\t\t<\/div>\n\t\t\t\t\t\t<\/div>\n\t\t\t\t\t\t\t\t<div class=\"elementor-field-type-recaptcha_v3 elementor-field-group elementor-column elementor-field-group-field_48371d6 elementor-col-100 recaptcha_v3-inline\">\n\t\t\t\t\t<div class=\"elementor-field\" id=\"form-field-field_48371d6\"><div class=\"elementor-g-recaptcha\" data-sitekey=\"6LfsQMIqAAAAAGwSA0h793ZWGsClKjJj_cfsXH5I\" data-type=\"v3\" data-action=\"Form\" data-badge=\"inline\" data-size=\"invisible\"><\/div><\/div>\t\t\t\t<\/div>\n\t\t\t\t\t\t\t\t<div class=\"elementor-field-group elementor-column elementor-field-type-submit elementor-col-100 e-form__buttons\">\n\t\t\t\t\t<button class=\"elementor-button elementor-size-sm\" type=\"submit\">\n\t\t\t\t\t\t<span class=\"elementor-button-content-wrapper\">\n\t\t\t\t\t\t\t\t\t\t\t\t\t\t\t\t\t\t\t\t\t\t<span class=\"elementor-button-text\">Senden<\/span>\n\t\t\t\t\t\t\t\t\t\t\t\t\t<\/span>\n\t\t\t\t\t<\/button>\n\t\t\t\t<\/div>\n\t\t\t<\/div>\n\t\t<\/form>\n\t\t\t\t\t\t<\/div>\n\t\t\t\t<\/div>\n\t\t\t\t<\/div>\n\t\t\t\t<\/div>\n\t\t","protected":false},"excerpt":{"rendered":"<p>\u00dcber uns Wir sind ein junges Ehepaar, das sein Leben der Tourismusbranche gewidmet hat.Mit unserem Reiseb\u00fcro Grand Travel m\u00f6chten wir Ihnen die Sch\u00f6nheit des Nationalparks Pieniny und der Region Nordzips zeigen. Wir sind kreativ und professionell und unser Ziel ist es, dass Sie sich im Pieniny-Gebirge wohl f\u00fchlen, sch\u00f6ne Erinnerungen mitnehmen und die unvergessliche Atmosph\u00e4re [&hellip;]<\/p>\n","protected":false},"author":1,"featured_media":1314,"parent":0,"menu_order":0,"comment_status":"closed","ping_status":"closed","template":"","meta":{"footnotes":""},"class_list":["post-1319","page","type-page","status-publish","has-post-thumbnail","hentry"],"yoast_head":"<!-- This site is optimized with the Yoast SEO plugin v24.3 - https:\/\/yoast.com\/wordpress\/plugins\/seo\/ -->\n<title>\u00dcber uns | Grand Travel | Reiseb\u00fcro | Pieniny<\/title>\n<meta name=\"description\" content=\"Mit unserem Reiseb\u00fcro Grand Travel m\u00f6chten wir Ihnen die Sch\u00f6nheit des Nationalparks Pieniny und der Region Nordzips zeigen. Wir sind kreativ und professionell und unser Ziel ist es, dass Sie sich im Pieniny-Gebirge wohl f\u00fchlen, sch\u00f6ne Erinnerungen mitnehmen und die unvergessliche Atmosph\u00e4re des kleinsten und sch\u00f6nsten Nationalparks der Slowakei erleben.\" \/>\n<meta name=\"robots\" content=\"index, follow, max-snippet:-1, max-image-preview:large, max-video-preview:-1\" \/>\n<link rel=\"canonical\" href=\"https:\/\/grandtravel.sk\/de\/uber-uns\/\" \/>\n<meta property=\"og:locale\" content=\"de_DE\" \/>\n<meta property=\"og:type\" content=\"article\" \/>\n<meta property=\"og:title\" content=\"\u00dcber uns | Grand Travel | Reiseb\u00fcro | Pieniny\" \/>\n<meta property=\"og:description\" content=\"Mit unserem Reiseb\u00fcro Grand Travel m\u00f6chten wir Ihnen die Sch\u00f6nheit des Nationalparks Pieniny und der Region Nordzips zeigen. Wir sind kreativ und professionell und unser Ziel ist es, dass Sie sich im Pieniny-Gebirge wohl f\u00fchlen, sch\u00f6ne Erinnerungen mitnehmen und die unvergessliche Atmosph\u00e4re des kleinsten und sch\u00f6nsten Nationalparks der Slowakei erleben.\" \/>\n<meta property=\"og:url\" content=\"https:\/\/grandtravel.sk\/de\/uber-uns\/\" \/>\n<meta property=\"og:site_name\" content=\"Grandtravel\" \/>\n<meta property=\"article:modified_time\" content=\"2025-01-30T15:55:58+00:00\" \/>\n<meta property=\"og:image\" content=\"https:\/\/grandtravel.sk\/wp-content\/uploads\/2025\/01\/P8306982-1024x768-1.jpg\" \/>\n\t<meta property=\"og:image:width\" content=\"1024\" \/>\n\t<meta property=\"og:image:height\" content=\"768\" \/>\n\t<meta property=\"og:image:type\" content=\"image\/jpeg\" \/>\n<meta name=\"twitter:card\" content=\"summary_large_image\" \/>\n<script type=\"application\/ld+json\" class=\"yoast-schema-graph\">{\"@context\":\"https:\/\/schema.org\",\"@graph\":[{\"@type\":\"WebPage\",\"@id\":\"https:\/\/grandtravel.sk\/de\/uber-uns\/\",\"url\":\"https:\/\/grandtravel.sk\/de\/uber-uns\/\",\"name\":\"\u00dcber uns | Grand Travel | Reiseb\u00fcro | Pieniny\",\"isPartOf\":{\"@id\":\"https:\/\/grandtravel.sk\/de\/#website\"},\"primaryImageOfPage\":{\"@id\":\"https:\/\/grandtravel.sk\/de\/uber-uns\/#primaryimage\"},\"image\":{\"@id\":\"https:\/\/grandtravel.sk\/de\/uber-uns\/#primaryimage\"},\"thumbnailUrl\":\"https:\/\/grandtravel.sk\/wp-content\/uploads\/2025\/01\/P8306982-1024x768-1.jpg\",\"datePublished\":\"2024-06-13T19:51:06+00:00\",\"dateModified\":\"2025-01-30T15:55:58+00:00\",\"description\":\"Mit unserem Reiseb\u00fcro Grand Travel m\u00f6chten wir Ihnen die Sch\u00f6nheit des Nationalparks Pieniny und der Region Nordzips zeigen. Wir sind kreativ und professionell und unser Ziel ist es, dass Sie sich im Pieniny-Gebirge wohl f\u00fchlen, sch\u00f6ne Erinnerungen mitnehmen und die unvergessliche Atmosph\u00e4re des kleinsten und sch\u00f6nsten Nationalparks der Slowakei erleben.\",\"breadcrumb\":{\"@id\":\"https:\/\/grandtravel.sk\/de\/uber-uns\/#breadcrumb\"},\"inLanguage\":\"de\",\"potentialAction\":[{\"@type\":\"ReadAction\",\"target\":[\"https:\/\/grandtravel.sk\/de\/uber-uns\/\"]}]},{\"@type\":\"ImageObject\",\"inLanguage\":\"de\",\"@id\":\"https:\/\/grandtravel.sk\/de\/uber-uns\/#primaryimage\",\"url\":\"https:\/\/grandtravel.sk\/wp-content\/uploads\/2025\/01\/P8306982-1024x768-1.jpg\",\"contentUrl\":\"https:\/\/grandtravel.sk\/wp-content\/uploads\/2025\/01\/P8306982-1024x768-1.jpg\",\"width\":1024,\"height\":768,\"caption\":\"OLYMPUS DIGITAL CAMERA\"},{\"@type\":\"BreadcrumbList\",\"@id\":\"https:\/\/grandtravel.sk\/de\/uber-uns\/#breadcrumb\",\"itemListElement\":[{\"@type\":\"ListItem\",\"position\":1,\"name\":\"Domovsk\u00e1 str\u00e1nka\",\"item\":\"https:\/\/grandtravel.sk\/de\/\"},{\"@type\":\"ListItem\",\"position\":2,\"name\":\"\u00dcber uns\"}]},{\"@type\":\"WebSite\",\"@id\":\"https:\/\/grandtravel.sk\/de\/#website\",\"url\":\"https:\/\/grandtravel.sk\/de\/\",\"name\":\"Grandtravel\",\"description\":\"Za\u017eite Pieniny\",\"potentialAction\":[{\"@type\":\"SearchAction\",\"target\":{\"@type\":\"EntryPoint\",\"urlTemplate\":\"https:\/\/grandtravel.sk\/de\/?s={search_term_string}\"},\"query-input\":{\"@type\":\"PropertyValueSpecification\",\"valueRequired\":true,\"valueName\":\"search_term_string\"}}],\"inLanguage\":\"de\"}]}<\/script>\n<!-- \/ Yoast SEO plugin. -->","yoast_head_json":{"title":"\u00dcber uns | Grand Travel | Reiseb\u00fcro | Pieniny","description":"Mit unserem Reiseb\u00fcro Grand Travel m\u00f6chten wir Ihnen die Sch\u00f6nheit des Nationalparks Pieniny und der Region Nordzips zeigen. Wir sind kreativ und professionell und unser Ziel ist es, dass Sie sich im Pieniny-Gebirge wohl f\u00fchlen, sch\u00f6ne Erinnerungen mitnehmen und die unvergessliche Atmosph\u00e4re des kleinsten und sch\u00f6nsten Nationalparks der Slowakei erleben.","robots":{"index":"index","follow":"follow","max-snippet":"max-snippet:-1","max-image-preview":"max-image-preview:large","max-video-preview":"max-video-preview:-1"},"canonical":"https:\/\/grandtravel.sk\/de\/uber-uns\/","og_locale":"de_DE","og_type":"article","og_title":"\u00dcber uns | Grand Travel | Reiseb\u00fcro | Pieniny","og_description":"Mit unserem Reiseb\u00fcro Grand Travel m\u00f6chten wir Ihnen die Sch\u00f6nheit des Nationalparks Pieniny und der Region Nordzips zeigen. Wir sind kreativ und professionell und unser Ziel ist es, dass Sie sich im Pieniny-Gebirge wohl f\u00fchlen, sch\u00f6ne Erinnerungen mitnehmen und die unvergessliche Atmosph\u00e4re des kleinsten und sch\u00f6nsten Nationalparks der Slowakei erleben.","og_url":"https:\/\/grandtravel.sk\/de\/uber-uns\/","og_site_name":"Grandtravel","article_modified_time":"2025-01-30T15:55:58+00:00","og_image":[{"width":1024,"height":768,"url":"https:\/\/grandtravel.sk\/wp-content\/uploads\/2025\/01\/P8306982-1024x768-1.jpg","type":"image\/jpeg"}],"twitter_card":"summary_large_image","schema":{"@context":"https:\/\/schema.org","@graph":[{"@type":"WebPage","@id":"https:\/\/grandtravel.sk\/de\/uber-uns\/","url":"https:\/\/grandtravel.sk\/de\/uber-uns\/","name":"\u00dcber uns | Grand Travel | Reiseb\u00fcro | Pieniny","isPartOf":{"@id":"https:\/\/grandtravel.sk\/de\/#website"},"primaryImageOfPage":{"@id":"https:\/\/grandtravel.sk\/de\/uber-uns\/#primaryimage"},"image":{"@id":"https:\/\/grandtravel.sk\/de\/uber-uns\/#primaryimage"},"thumbnailUrl":"https:\/\/grandtravel.sk\/wp-content\/uploads\/2025\/01\/P8306982-1024x768-1.jpg","datePublished":"2024-06-13T19:51:06+00:00","dateModified":"2025-01-30T15:55:58+00:00","description":"Mit unserem Reiseb\u00fcro Grand Travel m\u00f6chten wir Ihnen die Sch\u00f6nheit des Nationalparks Pieniny und der Region Nordzips zeigen. Wir sind kreativ und professionell und unser Ziel ist es, dass Sie sich im Pieniny-Gebirge wohl f\u00fchlen, sch\u00f6ne Erinnerungen mitnehmen und die unvergessliche Atmosph\u00e4re des kleinsten und sch\u00f6nsten Nationalparks der Slowakei erleben.","breadcrumb":{"@id":"https:\/\/grandtravel.sk\/de\/uber-uns\/#breadcrumb"},"inLanguage":"de","potentialAction":[{"@type":"ReadAction","target":["https:\/\/grandtravel.sk\/de\/uber-uns\/"]}]},{"@type":"ImageObject","inLanguage":"de","@id":"https:\/\/grandtravel.sk\/de\/uber-uns\/#primaryimage","url":"https:\/\/grandtravel.sk\/wp-content\/uploads\/2025\/01\/P8306982-1024x768-1.jpg","contentUrl":"https:\/\/grandtravel.sk\/wp-content\/uploads\/2025\/01\/P8306982-1024x768-1.jpg","width":1024,"height":768,"caption":"OLYMPUS DIGITAL CAMERA"},{"@type":"BreadcrumbList","@id":"https:\/\/grandtravel.sk\/de\/uber-uns\/#breadcrumb","itemListElement":[{"@type":"ListItem","position":1,"name":"Domovsk\u00e1 str\u00e1nka","item":"https:\/\/grandtravel.sk\/de\/"},{"@type":"ListItem","position":2,"name":"\u00dcber uns"}]},{"@type":"WebSite","@id":"https:\/\/grandtravel.sk\/de\/#website","url":"https:\/\/grandtravel.sk\/de\/","name":"Grandtravel","description":"Za\u017eite Pieniny","potentialAction":[{"@type":"SearchAction","target":{"@type":"EntryPoint","urlTemplate":"https:\/\/grandtravel.sk\/de\/?s={search_term_string}"},"query-input":{"@type":"PropertyValueSpecification","valueRequired":true,"valueName":"search_term_string"}}],"inLanguage":"de"}]}},"_links":{"self":[{"href":"https:\/\/grandtravel.sk\/de\/wp-json\/wp\/v2\/pages\/1319","targetHints":{"allow":["GET"]}}],"collection":[{"href":"https:\/\/grandtravel.sk\/de\/wp-json\/wp\/v2\/pages"}],"about":[{"href":"https:\/\/grandtravel.sk\/de\/wp-json\/wp\/v2\/types\/page"}],"author":[{"embeddable":true,"href":"https:\/\/grandtravel.sk\/de\/wp-json\/wp\/v2\/users\/1"}],"replies":[{"embeddable":true,"href":"https:\/\/grandtravel.sk\/de\/wp-json\/wp\/v2\/comments?post=1319"}],"version-history":[{"count":7,"href":"https:\/\/grandtravel.sk\/de\/wp-json\/wp\/v2\/pages\/1319\/revisions"}],"predecessor-version":[{"id":1348,"href":"https:\/\/grandtravel.sk\/de\/wp-json\/wp\/v2\/pages\/1319\/revisions\/1348"}],"wp:featuredmedia":[{"embeddable":true,"href":"https:\/\/grandtravel.sk\/de\/wp-json\/wp\/v2\/media\/1314"}],"wp:attachment":[{"href":"https:\/\/grandtravel.sk\/de\/wp-json\/wp\/v2\/media?parent=1319"}],"curies":[{"name":"wp","href":"https:\/\/api.w.org\/{rel}","templated":true}]}}